{"id":9338,"date":"2025-03-11T07:07:03","date_gmt":"2025-03-11T07:07:03","guid":{"rendered":"https:\/\/aodai.byfas.com\/product\/look-1\/"},"modified":"2025-03-11T08:02:22","modified_gmt":"2025-03-11T08:02:22","slug":"look-1","status":"publish","type":"product","link":"https:\/\/aodai.byfas.com\/vi\/ao-dai-couture\/bst-xuan-he-2025\/look-1\/","title":{"rendered":"Look 1"},"content":{"rendered":"<p>\u00c1o D\u00e0i \u201cC\u00e1nh H\u1ea1c Bay\u201d &#8211; BST &#8220;Spring Summer\u201d c\u1ee7a NTK Anna H\u1ea1nh L\u00ea &#8211; Ph\u00f3 Ch\u1ee7 T\u1ecbch Hi\u1ec7p H\u1ed9i \u00c1o D\u00e0i Th\u00e0nh Ph\u1ed1 HCM.<\/p>\n<p>\u00dd ngh\u0129a thi\u1ebft k\u1ebf: L\u1ea5y c\u1ea3m h\u1ee9ng t\u1eeb phong c\u00e1ch \u00c1o d\u00e0i Raglan, k\u1ebft h\u1ee3p v\u1edbi k\u1ef9 thu\u1eadt c\u1eaft t\u1ea1o phom cao c\u1ea5p v\u1edbi tay \u00e1o Raglan x\u1ebb c\u00e1nh ti\u00ean d\u00e0i bay b\u1ed5ng v\u00e0 k\u1ef9 thu\u1eadt may hi\u1ec7n \u0111\u1ea1i. Nh\u00e0 thi\u1ebft k\u1ebf Anna H\u1ea1nh L\u00ea \u0111\u00e3 ph\u00e1c th\u1ea3o n\u00ean t\u00e1c ph\u1ea9m \u00e1o d\u00e0i cao c\u1ea5p \u201cC\u00e1nh H\u1ea1c Bay\u201d mi\u00eau t\u1ea3 n\u00e0ng th\u01a1 Vi\u1ec7t \u0111\u1eb9p trong tr\u1ebbo quy\u1ebfn r\u0169 v\u1edbi m\u00e0u tr\u1eafng tinh t\u1ebf, l\u00e3ng m\u1ea1n, ng\u1ecdt ng\u00e0o v\u1edbi h\u1ecda ti\u1ebft th\u00eau tinh x\u1ea3o b\u1ed1 c\u1ee5c \u0111\u00e0n chim h\u1ea1c tr\u1eafng tung bay trong tr\u1eddi xu\u00e2n. \u0110\u1eb7c s\u1eafc c\u1ee7a t\u00e1c ph\u1ea9m l\u00e0 k\u1ef9 thu\u1eadt th\u1ee7 c\u00f4ng th\u00eau tay \u0111\u1ed9c \u0111\u00e1o d\u00f9ng s\u1ee3i ch\u1ec9 t\u01a1 b\u00f3ng th\u00eau t\u1ec9 m\u1ec9 14 chim h\u1ea1c tr\u1eafng tr\u00ean m\u1ed9t b\u1ed1 c\u1ee5c kh\u00e9o l\u00e9o t\u1ea1o n\u00ean b\u1ee9c tranh Xu\u00e2n sinh \u0111\u1ed9ng tr\u00ean d\u00e1ng \u00e1o d\u00e0i r\u00e1p l\u0103ng \u00f4m s\u00e1t quy\u1ebfn r\u0169. M\u1ed9t s\u1ef1 s\u00e1ng t\u1ea1o k\u1ebft h\u1ee3p kh\u00e9o l\u00e9o gi\u1eefa k\u1ef9 thu\u1eadt may \u00e1o d\u00e0i v\u00e0 k\u1ef9 thu\u1eadt th\u00eau tay cao c\u1ea5p.<\/p>\n<p>Thi\u1ebft k\u1ebf ph\u00f9 h\u1ee3p v\u1edbi c\u00e1c bu\u1ed5i ti\u1ec7c c\u01b0\u1edbi, Event ho\u1eb7c ti\u1ec7c ngo\u1ea1i giao sang tr\u1ecdng cho c\u00e1c qu\u00fd c\u00f4 th\u00edch v\u1ebb \u0111\u1eb9p \u00e1o d\u00e0i truy\u1ec1n th\u1ed1ng n\u1eef t\u00ednh v\u00e0 sang tr\u1ecdng.<\/p>\n","protected":false},"excerpt":{"rendered":"<p>\u00c1o D\u00e0i \u201cC\u00e1nh H\u1ea1c Bay\u201d &#8211; BST &#8220;Spring Summer\u201d c\u1ee7a NTK Anna H\u1ea1nh L\u00ea &#8211; Ph\u00f3 Ch\u1ee7 T\u1ecbch Hi\u1ec7p H\u1ed9i \u00c1o D\u00e0i Th\u00e0nh Ph\u1ed1 HCM. \u00dd ngh\u0129a thi\u1ebft k\u1ebf: L\u1ea5y c\u1ea3m h\u1ee9ng t\u1eeb phong c\u00e1ch \u00c1o d\u00e0i Raglan, k\u1ebft h\u1ee3p v\u1edbi k\u1ef9 thu\u1eadt c\u1eaft t\u1ea1o phom cao c\u1ea5p v\u1edbi tay \u00e1o Raglan x\u1ebb c\u00e1nh ti\u00ean [&hellip;]<\/p>\n","protected":false},"featured_media":9358,"comment_status":"open","ping_status":"closed","template":"","meta":{"_acf_changed":false,"rank_math_lock_modified_date":false},"product_cat":[188,37],"product_tag":[],"class_list":{"0":"post-9338","1":"product","2":"type-product","3":"status-publish","4":"has-post-thumbnail","6":"product_cat-bst-xuan-he-2025","7":"product_cat-ao-dai-couture","9":"first","10":"instock","11":"shipping-taxable","12":"purchasable","13":"product-type-simple"},"acf":[],"_links":{"self":[{"href":"https:\/\/aodai.byfas.com\/vi\/wp-json\/wp\/v2\/product\/9338","targetHints":{"allow":["GET"]}}],"collection":[{"href":"https:\/\/aodai.byfas.com\/vi\/wp-json\/wp\/v2\/product"}],"about":[{"href":"https:\/\/aodai.byfas.com\/vi\/wp-json\/wp\/v2\/types\/product"}],"replies":[{"embeddable":true,"href":"https:\/\/aodai.byfas.com\/vi\/wp-json\/wp\/v2\/comments?post=9338"}],"wp:featuredmedia":[{"embeddable":true,"href":"https:\/\/aodai.byfas.com\/vi\/wp-json\/wp\/v2\/media\/9358"}],"wp:attachment":[{"href":"https:\/\/aodai.byfas.com\/vi\/wp-json\/wp\/v2\/media?parent=9338"}],"wp:term":[{"taxonomy":"product_cat","embeddable":true,"href":"https:\/\/aodai.byfas.com\/vi\/wp-json\/wp\/v2\/product_cat?post=9338"},{"taxonomy":"product_tag","embeddable":true,"href":"https:\/\/aodai.byfas.com\/vi\/wp-json\/wp\/v2\/product_tag?post=9338"}],"curies":[{"name":"wp","href":"https:\/\/api.w.org\/{rel}","templated":true}]}}