{"id":9330,"date":"2025-03-11T06:58:58","date_gmt":"2025-03-11T06:58:58","guid":{"rendered":"https:\/\/aodai.byfas.com\/product\/look-6\/"},"modified":"2025-03-11T08:11:53","modified_gmt":"2025-03-11T08:11:53","slug":"look-6","status":"publish","type":"product","link":"https:\/\/aodai.byfas.com\/vi\/ao-dai-couture\/fall-winter-2024-vi\/look-6\/","title":{"rendered":"Look 6"},"content":{"rendered":"<p>\u00c1o D\u00e0i \u201cHoa Nhung L\u1ee5a\u201d &#8211; BST &#8220;Spring Summer\u201d c\u1ee7a NTK Anna H\u1ea1nh L\u00ea &#8211; Ph\u00f3 Ch\u1ee7 T\u1ecbch Hi\u1ec7p H\u1ed9i \u00c1o D\u00e0i Th\u00e0nh Ph\u1ed1 HCM.<\/p>\n<p>\u00dd ngh\u0129a thi\u1ebft k\u1ebf: L\u1ea5y c\u1ea3m h\u1ee9ng t\u1eeb phong c\u00e1ch \u00c1o d\u00e0i Raglan, k\u1ebft h\u1ee3p v\u1edbi k\u1ef9 thu\u1eadt c\u1eaft t\u1ea1o phom cao c\u1ea5p s\u1edf tr\u01b0\u1eddng c\u1ee7a nh\u00e0 Anna H\u1ea1nh L\u00ea v\u00e0 c\u00f9ng v\u1edbi k\u1ef9 thu\u1eadt may hi\u1ec7n \u0111\u1ea1i. Nh\u00e0 \u00c1o D\u00e0i Couture Anna H\u1ea1nh L\u00ea \u0111\u00e3 ph\u00e1c th\u1ea3o n\u00ean t\u00e1c ph\u1ea9m \u00e1o d\u00e0i cao c\u1ea5p \u201cHoa nhung l\u1ee5a\u201d mi\u00eau t\u1ea3 m\u1ed9t qu\u00fd c\u00f4 \u0111\u1eb9p m\u00ea ho\u1eb7c tr\u00ean n\u1ec1n m\u00e0u \u0111\u1ecf nhung c\u1ee7a l\u1ee5a t\u1eb1m cao c\u1ea5p. \u0110\u1eb7c s\u1eafc c\u1ee7a t\u00e1c ph\u1ea9m l\u00e0 s\u1ef1 ph\u1ed1i h\u1ee3p \u0111\u1eb3ng c\u1ea5p c\u1ee7a k\u1ef9 thu\u1eadt c\u1eaft, may v\u00e0 th\u00eau cao c\u1ea5p t\u1ea1o n\u00ean m\u1ed9t t\u00e1c ph\u1ea9m \u0111\u1ed9c \u0111\u00e1o ph\u00e1t huy t\u1ed1i \u0111a v\u1ebb \u0111\u1eb9p sang tr\u1ecdng v\u1edbi b\u1ea3n v\u1ebd \u0111\u1ed9c b\u1ea3n \u201cHoa nhung l\u1ee5a\u201d c\u1ee7a Nh\u00e0 thi\u1ebft k\u1ebf t\u1ea1o n\u00ean t\u00e1c ph\u1ea7m ngh\u1ec7 thu\u1eadt tr\u00ean d\u00e1ng \u00e1o d\u00e0i r\u00e1p l\u0103ng \u00f4m s\u00e1t quy\u1ebfn r\u0169.<\/p>\n<p>\nThi\u1ebft k\u1ebf ph\u00f9 h\u1ee3p v\u1edbi c\u00e1c bu\u1ed5i ti\u1ec7c c\u01b0\u1edbi, Event ho\u1eb7c ti\u1ec7c ngo\u1ea1i giao sang tr\u1ecdng cho c\u00e1c qu\u00fd c\u00f4 th\u00edch v\u1ebb \u0111\u1eb9p \u00e1o d\u00e0i truy\u1ec1n th\u1ed1ng n\u1eef t\u00ednh v\u00e0 sang tr\u1ecdng.<\/p>\n","protected":false},"excerpt":{"rendered":"<p>\u00c1o D\u00e0i \u201cHoa Nhung L\u1ee5a\u201d &#8211; BST &#8220;Spring Summer\u201d c\u1ee7a NTK Anna H\u1ea1nh L\u00ea &#8211; Ph\u00f3 Ch\u1ee7 T\u1ecbch Hi\u1ec7p H\u1ed9i \u00c1o D\u00e0i Th\u00e0nh Ph\u1ed1 HCM. \u00dd ngh\u0129a thi\u1ebft k\u1ebf: L\u1ea5y c\u1ea3m h\u1ee9ng t\u1eeb phong c\u00e1ch \u00c1o d\u00e0i Raglan, k\u1ebft h\u1ee3p v\u1edbi k\u1ef9 thu\u1eadt c\u1eaft t\u1ea1o phom cao c\u1ea5p s\u1edf tr\u01b0\u1eddng c\u1ee7a nh\u00e0 Anna H\u1ea1nh L\u00ea [&hellip;]<\/p>\n","protected":false},"featured_media":9368,"comment_status":"open","ping_status":"closed","template":"","meta":{"_acf_changed":false,"rank_math_lock_modified_date":false},"product_cat":[69,37],"product_tag":[],"class_list":{"0":"post-9330","1":"product","2":"type-product","3":"status-publish","4":"has-post-thumbnail","6":"product_cat-fall-winter-2024-vi","7":"product_cat-ao-dai-couture","9":"first","10":"instock","11":"shipping-taxable","12":"purchasable","13":"product-type-simple"},"acf":[],"_links":{"self":[{"href":"https:\/\/aodai.byfas.com\/vi\/wp-json\/wp\/v2\/product\/9330","targetHints":{"allow":["GET"]}}],"collection":[{"href":"https:\/\/aodai.byfas.com\/vi\/wp-json\/wp\/v2\/product"}],"about":[{"href":"https:\/\/aodai.byfas.com\/vi\/wp-json\/wp\/v2\/types\/product"}],"replies":[{"embeddable":true,"href":"https:\/\/aodai.byfas.com\/vi\/wp-json\/wp\/v2\/comments?post=9330"}],"wp:featuredmedia":[{"embeddable":true,"href":"https:\/\/aodai.byfas.com\/vi\/wp-json\/wp\/v2\/media\/9368"}],"wp:attachment":[{"href":"https:\/\/aodai.byfas.com\/vi\/wp-json\/wp\/v2\/media?parent=9330"}],"wp:term":[{"taxonomy":"product_cat","embeddable":true,"href":"https:\/\/aodai.byfas.com\/vi\/wp-json\/wp\/v2\/product_cat?post=9330"},{"taxonomy":"product_tag","embeddable":true,"href":"https:\/\/aodai.byfas.com\/vi\/wp-json\/wp\/v2\/product_tag?post=9330"}],"curies":[{"name":"wp","href":"https:\/\/api.w.org\/{rel}","templated":true}]}}