{"id":9324,"date":"2025-03-11T06:53:48","date_gmt":"2025-03-11T06:53:48","guid":{"rendered":"https:\/\/aodai.byfas.com\/product\/look-5\/"},"modified":"2025-03-11T08:11:43","modified_gmt":"2025-03-11T08:11:43","slug":"look-5","status":"publish","type":"product","link":"https:\/\/aodai.byfas.com\/vi\/ao-dai-couture\/fall-winter-2024-vi\/look-5\/","title":{"rendered":"Look 5"},"content":{"rendered":"<p>\u00c1o D\u00e0i \u201cM\u00f9a Silk N\u1edf\u201d &#8211; BST &#8220;Spring Summer\u201d c\u1ee7a NTK Anna H\u1ea1nh L\u00ea &#8211; Ph\u00f3 Ch\u1ee7 T\u1ecbch Hi\u1ec7p H\u1ed9i \u00c1o D\u00e0i Th\u00e0nh Ph\u1ed1 HCM.<\/p>\n<p>\u00dd ngh\u0129a thi\u1ebft k\u1ebf: L\u1ea5y c\u1ea3m h\u1ee9ng t\u1eeb phong c\u00e1ch \u00c1o d\u00e0i Raglan, k\u1ebft h\u1ee3p v\u1edbi k\u1ef9 thu\u1eadt c\u1eaft t\u1ea1o phom cao c\u1ea5p v\u1edbi m\u1eabu tay raglan tr\u00ean n\u1ec1n v\u1ea3i l\u01b0\u1edbi v\u00e0 k\u1ef9 thu\u1eadt may hi\u1ec7n \u0111\u1ea1i tr\u00ean n\u1ec1n l\u1ee5a t\u01a1 t\u1eb1m cao c\u1ea5p. Nh\u00e0 Ao D\u00e0i Anna H\u1ea1nh L\u00ea \u0111\u00e3 ph\u00e1c th\u1ea3o n\u00ean t\u00e1c ph\u1ea9m \u00e1o d\u00e0i cao c\u1ea5p \u201cM\u00f9a Silk n\u1edf\u201d mi\u00eau t\u1ea3 v\u1ebb \u0111\u1eb9p l\u1ee5a trong \u00e1nh ho\u00e0ng h\u00f4n \u0111\u1eb9p l\u1ed9ng l\u1eaby quy\u1ebfn r\u0169 trong s\u1eafc t\u00edm lilac ng\u1ecdt ng\u00e0o. \u0110\u1eb7c s\u1eafc c\u1ee7a t\u00e1c ph\u1ea9m n\u00e0y l\u00e0 ngh\u1ec7 thu\u1eadt v\u1ea5n v\u1ea3i l\u1ee5a th\u00e0nh nh\u1eefng c\u1ee5m hoa v\u00e0 k\u1ef9 thu\u1eadt \u0111\u00ednh k\u1ebft tay tinh x\u1ea3o t\u1ea1o n\u00ean t\u00e1c ph\u1ea9m \u0111\u1ed9c b\u1ea3n hoa silk \u0111ua n\u1edf tr\u00ean n\u1ec1n l\u1ee5a rose m\u1ec1m m\u1ea1i t\u1ea1o n\u00ean b\u1ee9c tranh Xu\u00e2n sinh \u0111\u1ed9ng tr\u00ean d\u00e1ng \u00e1o d\u00e0i r\u00e1p l\u0103ng \u00f4m s\u00e1t quy\u1ebfn r\u0169. M\u1ed9t s\u1ef1 s\u00e1ng t\u1ea1o k\u1ebft h\u1ee3p kh\u00e9o l\u00e9o gi\u1eefa k\u1ef9 thu\u1eadt may \u00e1o d\u00e0i v\u00e0 ngh\u1ec7 thu\u1eadt trang tr\u00ed hoa th\u1ee7 c\u00f4ng tuy\u1ec7t v\u1eddi c\u1ee7a c\u00e1c ngh\u1ec7 nh\u00e2n c\u00f9ng k\u1ebft h\u1ee3p \u0111\u1ec3 t\u1ea1o n\u00ean m\u1ed9t t\u00e1c ph\u1ea9m \u00c1o D\u00e0i Couture \u0111\u1eb3ng c\u1ea5p.<\/p>\n<p>Thi\u1ebft k\u1ebf ph\u00f9 h\u1ee3p v\u1edbi c\u00e1c bu\u1ed5i ti\u1ec7c c\u01b0\u1edbi, Event ho\u1eb7c ti\u1ec7c ngo\u1ea1i giao sang tr\u1ecdng cho c\u00e1c qu\u00fd c\u00f4 th\u00edch v\u1ebb \u0111\u1eb9p \u00e1o d\u00e0i truy\u1ec1n th\u1ed1ng n\u1eef t\u00ednh v\u00e0 sang tr\u1ecdng.<\/p>\n","protected":false},"excerpt":{"rendered":"<p>\u00c1o D\u00e0i \u201cM\u00f9a Silk N\u1edf\u201d &#8211; BST &#8220;Spring Summer\u201d c\u1ee7a NTK Anna H\u1ea1nh L\u00ea &#8211; Ph\u00f3 Ch\u1ee7 T\u1ecbch Hi\u1ec7p H\u1ed9i \u00c1o D\u00e0i Th\u00e0nh Ph\u1ed1 HCM. \u00dd ngh\u0129a thi\u1ebft k\u1ebf: L\u1ea5y c\u1ea3m h\u1ee9ng t\u1eeb phong c\u00e1ch \u00c1o d\u00e0i Raglan, k\u1ebft h\u1ee3p v\u1edbi k\u1ef9 thu\u1eadt c\u1eaft t\u1ea1o phom cao c\u1ea5p v\u1edbi m\u1eabu tay raglan tr\u00ean n\u1ec1n v\u1ea3i [&hellip;]<\/p>\n","protected":false},"featured_media":9370,"comment_status":"open","ping_status":"closed","template":"","meta":{"_acf_changed":false,"rank_math_lock_modified_date":false},"product_cat":[69,37],"product_tag":[],"class_list":{"0":"post-9324","1":"product","2":"type-product","3":"status-publish","4":"has-post-thumbnail","6":"product_cat-fall-winter-2024-vi","7":"product_cat-ao-dai-couture","9":"first","10":"instock","11":"shipping-taxable","12":"purchasable","13":"product-type-simple"},"acf":[],"_links":{"self":[{"href":"https:\/\/aodai.byfas.com\/vi\/wp-json\/wp\/v2\/product\/9324","targetHints":{"allow":["GET"]}}],"collection":[{"href":"https:\/\/aodai.byfas.com\/vi\/wp-json\/wp\/v2\/product"}],"about":[{"href":"https:\/\/aodai.byfas.com\/vi\/wp-json\/wp\/v2\/types\/product"}],"replies":[{"embeddable":true,"href":"https:\/\/aodai.byfas.com\/vi\/wp-json\/wp\/v2\/comments?post=9324"}],"wp:featuredmedia":[{"embeddable":true,"href":"https:\/\/aodai.byfas.com\/vi\/wp-json\/wp\/v2\/media\/9370"}],"wp:attachment":[{"href":"https:\/\/aodai.byfas.com\/vi\/wp-json\/wp\/v2\/media?parent=9324"}],"wp:term":[{"taxonomy":"product_cat","embeddable":true,"href":"https:\/\/aodai.byfas.com\/vi\/wp-json\/wp\/v2\/product_cat?post=9324"},{"taxonomy":"product_tag","embeddable":true,"href":"https:\/\/aodai.byfas.com\/vi\/wp-json\/wp\/v2\/product_tag?post=9324"}],"curies":[{"name":"wp","href":"https:\/\/api.w.org\/{rel}","templated":true}]}}