{"id":9302,"date":"2025-03-11T04:46:30","date_gmt":"2025-03-11T04:46:30","guid":{"rendered":"https:\/\/aodai.byfas.com\/product\/quy-co-vedette-ao-dai\/"},"modified":"2025-03-11T08:11:05","modified_gmt":"2025-03-11T08:11:05","slug":"quy-co-vedette-ao-dai","status":"publish","type":"product","link":"https:\/\/aodai.byfas.com\/vi\/ao-dai-couture\/fall-winter-2024-vi\/look-2\/","title":{"rendered":"Look 2"},"content":{"rendered":"<p>\u00c1o D\u00e0i \u201cQu\u00fd C\u00f4 Vedette\u201d &#8211; BST &#8220;Spring Summer\u201d c\u1ee7a NTK Anna H\u1ea1nh L\u00ea &#8211; Ph\u00f3 Ch\u1ee7 T\u1ecbch Hi\u1ec7p H\u1ed9i \u00c1o D\u00e0i Th\u00e0nh Ph\u1ed1 HCM.<\/p>\n<p>\u00dd ngh\u0129a thi\u1ebft k\u1ebf: L\u1ea5y c\u1ea3m h\u1ee9ng t\u1eeb phong c\u00e1ch \u00c1o d\u00e0i Lemur v\u00e0 k\u1ebft h\u1ee3p k\u1ef9 thu\u1eadt c\u1eaft t\u1ea1o phom cao c\u1ea5p v\u00e0 k\u1ef9 thu\u1eadt may hi\u1ec7n \u0111\u1ea1i. Nh\u00e0 thi\u1ebft k\u1ebf Anna H\u1ea1nh L\u00ea \u0111\u00e3 ph\u00e1c th\u1ea3o n\u00ean t\u00e1c ph\u1ea9m \u00e1o d\u00e0i cao c\u1ea5p \u201cQu\u00fd c\u00f4 Vedette\u201d mi\u00eau t\u1ea3 Qu\u00fd c\u00f4 \u0111\u1eb9p sang tr\u1ecdng v\u00e0 duy\u00ean d\u00e1ng v\u1edbi phong c\u00e1ch \u00e1o d\u00e0i couture d\u1ea1 ti\u1ec7c cao c\u1ea5p. \u0110i\u1ec1m \u0111\u1eb7c s\u1eafc c\u1ee7a t\u00e1c ph\u1ea9m n\u00e0y l\u00e0 \u00fd t\u01b0\u1edfng thi\u1ebft k\u1ebf t\u1ea1o d\u00e1ng ph\u00e1t tri\u1ec3n t\u1eeb s\u1ef1 t\u1ed1i gi\u1ea3n c\u1ee7a \u00e1o d\u00e0i t\u1ee9 th\u00e2n x\u1ebb th\u1ea3 4 m\u1ea3nh, k\u1ebft h\u1ee3p v\u1edbi k\u1ef9 thu\u1eadt may v\u00e0 ph\u1ed1i m\u00e0u tinh t\u1ebf c\u1ee7a t\u1eebng ch\u00f9m hoa th\u00eau \u0111\u1eafp n\u1ed5i. T\u1ea5t c\u1ea3 t\u1ea1o th\u00e0nh v\u1ebb quy\u1ebfn r\u0169, d\u1ecbu d\u00e0ng v\u00e0 ki\u00eau sa cho c\u00e1c qu\u00fd c\u00f4 tr\u01b0ng di\u1ec7n cho c\u00e1c bu\u1ed5i t\u1ed1i sang tr\u1ecdng. T\u00e1c ph\u1ea9m \u00e1o d\u00e0i couture \u201cQu\u00fd c\u00f4 Vedette \u201d l\u00e0 m\u1ed9t s\u1ef1 l\u1ef1a ch\u1ecdn \u00e1o d\u00e0i d\u1ea1 ti\u1ec7c \u0111\u1eb3ng c\u1ea5p c\u1ee7a nh\u00e0 \u00c1o D\u00e0i Couture By Anna H\u1ea1nh L\u00ea gi\u00fap ph\u00e1t huy v\u1ebb \u0111\u1eb9p th\u1eddi trang, sang tr\u1ecdng v\u00e0 duy\u00ean d\u00e1ng v\u1edbi \u00e1o d\u00e0i Vi\u1ec7t Nam.<\/p>\n<p>Thi\u1ebft k\u1ebf ph\u00f9 h\u1ee3p v\u1edbi c\u00e1c bu\u1ed5i t\u1ed1i, Event trang tr\u1ecdng ho\u1eb7c d\u1ea1 ti\u1ec7c ngo\u1ea1i giao \u0111\u1eb3ng c\u1ea5p, d\u00e0nh cho c\u00e1c qu\u00fd c\u00f4 th\u00edch v\u1ebb \u0111\u1eb9p \u00e1o d\u00e0i hi\u1ec7n \u0111\u1ea1i \u0111\u01b0\u1ee3c thi\u1ebft k\u1ebf ri\u00eang cao c\u1ea5p, t\u00f4n v\u1ebb n\u1eef t\u00ednh v\u00e0 sang tr\u1ecdng.<\/p>\n","protected":false},"excerpt":{"rendered":"<p>\u00c1o D\u00e0i \u201cQu\u00fd C\u00f4 Vedette\u201d &#8211; BST &#8220;Spring Summer\u201d c\u1ee7a NTK Anna H\u1ea1nh L\u00ea &#8211; Ph\u00f3 Ch\u1ee7 T\u1ecbch Hi\u1ec7p H\u1ed9i \u00c1o D\u00e0i Th\u00e0nh Ph\u1ed1 HCM. \u00dd ngh\u0129a thi\u1ebft k\u1ebf: L\u1ea5y c\u1ea3m h\u1ee9ng t\u1eeb phong c\u00e1ch \u00c1o d\u00e0i Lemur v\u00e0 k\u1ebft h\u1ee3p k\u1ef9 thu\u1eadt c\u1eaft t\u1ea1o phom cao c\u1ea5p v\u00e0 k\u1ef9 thu\u1eadt may hi\u1ec7n \u0111\u1ea1i. Nh\u00e0 [&hellip;]<\/p>\n","protected":false},"featured_media":8938,"comment_status":"open","ping_status":"closed","template":"","meta":{"_acf_changed":false,"rank_math_lock_modified_date":false},"product_cat":[69,37],"product_tag":[],"class_list":{"0":"post-9302","1":"product","2":"type-product","3":"status-publish","4":"has-post-thumbnail","6":"product_cat-fall-winter-2024-vi","7":"product_cat-ao-dai-couture","9":"first","10":"instock","11":"shipping-taxable","12":"purchasable","13":"product-type-simple"},"acf":[],"_links":{"self":[{"href":"https:\/\/aodai.byfas.com\/vi\/wp-json\/wp\/v2\/product\/9302","targetHints":{"allow":["GET"]}}],"collection":[{"href":"https:\/\/aodai.byfas.com\/vi\/wp-json\/wp\/v2\/product"}],"about":[{"href":"https:\/\/aodai.byfas.com\/vi\/wp-json\/wp\/v2\/types\/product"}],"replies":[{"embeddable":true,"href":"https:\/\/aodai.byfas.com\/vi\/wp-json\/wp\/v2\/comments?post=9302"}],"wp:featuredmedia":[{"embeddable":true,"href":"https:\/\/aodai.byfas.com\/vi\/wp-json\/wp\/v2\/media\/8938"}],"wp:attachment":[{"href":"https:\/\/aodai.byfas.com\/vi\/wp-json\/wp\/v2\/media?parent=9302"}],"wp:term":[{"taxonomy":"product_cat","embeddable":true,"href":"https:\/\/aodai.byfas.com\/vi\/wp-json\/wp\/v2\/product_cat?post=9302"},{"taxonomy":"product_tag","embeddable":true,"href":"https:\/\/aodai.byfas.com\/vi\/wp-json\/wp\/v2\/product_tag?post=9302"}],"curies":[{"name":"wp","href":"https:\/\/api.w.org\/{rel}","templated":true}]}}