{"id":9299,"date":"2025-03-11T04:34:52","date_gmt":"2025-03-11T04:34:52","guid":{"rendered":"https:\/\/aodai.byfas.com\/product\/nang-rose-ao-dai\/"},"modified":"2025-03-11T08:10:46","modified_gmt":"2025-03-11T08:10:46","slug":"nang-rose-ao-dai","status":"publish","type":"product","link":"https:\/\/aodai.byfas.com\/vi\/ao-dai-couture\/fall-winter-2024-vi\/look-1\/","title":{"rendered":"Look 1"},"content":{"rendered":"<p>\u00c1o D\u00e0i \u201cN\u00e0ng Rose\u201d &#8211; BST &#8220;Spring Summer\u201d c\u1ee7a NTK Anna H\u1ea1nh L\u00ea &#8211; Ph\u00f3 Ch\u1ee7 T\u1ecbch Hi\u1ec7p H\u1ed9i \u00c1o D\u00e0i Th\u00e0nh Ph\u1ed1 HCM.<\/p>\n<p>\u00dd ngh\u0129a thi\u1ebft k\u1ebf: L\u1ea5y c\u1ea3m h\u1ee9ng t\u1eeb phong c\u00e1ch \u00c1o d\u00e0i Lemur v\u00e0 k\u1ebft h\u1ee3p k\u1ef9 thu\u1eadt c\u1eaft t\u1ea1o phom cao c\u1ea5p v\u00e0 k\u1ef9 thu\u1eadt may hi\u1ec7n \u0111\u1ea1i. Nh\u00e0 thi\u1ebft k\u1ebf Anna H\u1ea1nh L\u00ea \u0111\u00e3 ph\u00e1c th\u1ea3o n\u00ean t\u00e1c ph\u1ea9m \u00e1o d\u00e0i cao c\u1ea5p \u201cN\u00e0ng Rose\u201d mi\u00eau t\u1ea3 n\u00e0ng th\u01a1 Vi\u1ec7t \u0111\u1eb9p sang tr\u1ecdng v\u00e0 duy\u00ean d\u00e1ng v\u1edbi n\u1ec1n l\u1ee5a \u0111en huy\u1ec1n b\u00ed tr\u00ean ch\u1ea5t l\u1ee5a t\u01a1 t\u1eb1m thi\u00ean nhi\u00ean cao c\u1ea5p \u0111\u1eb7c chu\u1ea9n c\u1ee7a th\u01b0\u1edfng hi\u1ec7u Byfas l\u00e0 l\u1ee5a rose b\u00f3ng nhung hai d\u1ea1. \u0110i\u1ec1m \u0111\u1eb7c s\u1eafc c\u1ee7a t\u00e1c ph\u1ea9m n\u00e0y c\u0169ng l\u00e0 \u0111i\u1ec3m m\u1ea1nh v\u1ed1n c\u00f3 c\u1ee7a nh\u00e0 Anna H\u1ea1nh L\u00ea &#8211; nh\u00e0 ph\u00f9 th\u1ee7y c\u1ee7a c\u00e1ch ch\u01a1i l\u1ee5a s\u00e0nh \u0111i\u1ec7u. \u0110\u00f3 l\u00e0 \u00fd t\u01b0\u1edfng thi\u1ebft k\u1ebf t\u1ea1o d\u00e1ng tinh t\u1ebf khai th\u00e1c t\u1ed1i \u0111a \u0111\u1ed9 sang tr\u1ecdng ch\u1ea5t rose b\u00f3ng nhung hai d\u1ea1 v\u00e0 k\u1ebft h\u1ee3p l\u00f3t t\u00e0 b\u1eb1ng ch\u1ea5t l\u1ee5a g\u1ea5m h\u1ecda ti\u1ebft b\u00f4ng c\u00f4ng c\u00f9ng m\u00e0u t\u1ea1o s\u1ef1 sang tr\u1ecdng tuy\u1ec7t \u0111\u1ed1i cho phom \u00e1o. C\u00e1ch t\u1ea1o ph\u1ed3ng cho vai \u00e1o v\u00e0 ph\u1ea7n r\u00e3 nh\u00fang \u0111\u1ed7 cho tay \u00e1o nh\u00fang ph\u1ed3ng vai \u0111\u1ed9c \u0111\u00e1o v\u00e0 t\u1ef7 l\u1ec7 ph\u1ea7n r\u00e3 t\u1ea1o khung tr\u00e1i b\u00ed t\u1eeb khu\u1ef7 tay \u00e1o. \u0110i\u1ec1u kh\u00e9o l\u00e9o nh\u1ea5t c\u1ee7a t\u1ea1o m\u1eabu n\u00e0y l\u00e0 k\u1ef9 thu\u1eadt c\u1eaft: \u0110\u1ea7u ti\u00ean l\u00e0 k\u1ef9 thu\u1eadt c\u1eaft r\u00e3 t\u1ea1o c\u00fap tr\u00ean ph\u1ea7n ng\u1ef1c \u00e1o; ti\u1ebfp \u0111\u1ebfn l\u00e0 c\u00e1ch kho\u00e9t n\u1ed1i t\u00e0 \u0111\u1ed1i x\u1ee9ng m\u1ed9t b\u00ean th\u00e2n \u0111\u1ec3 chia nh\u1ecf ph\u1ea7n h\u00f4ng eo tr\u01b0\u1edbc v\u00e0 sau ph\u1ed1i v\u00e0o ph\u1ea7n d\u1eadp ly x\u1ebfp qu\u1ea1t \u0111\u1ec1u 1cm b\u1eb1ng v\u1ea3i l\u1ee5a satin; cu\u1ed1i c\u00f9ng l\u00e0 c\u00e1ch c\u1eaft t\u1ea1o phom tay \u00e1o b\u1eb1ng k\u1ef9 thu\u1eadt nh\u00fang ph\u1ed3ng c\u1ea7u vai v\u00e0 may \u00f4m s\u00e1t b\u1eafp tay \u0111\u1ebfn khu\u1ef7 tay v\u00e0 ph\u1ea7n r\u00e3 n\u1ed1i nh\u00fang \u0111\u1ed7 v\u1ea3i t\u1eeb khu\u1ef7u tay v\u00e0 kho\u00e1 l\u1ea1i \u1edf c\u1eeda tay t\u1ea1o phom tr\u00e1i b\u00ed cho ph\u1ea7n tay d\u01b0\u1edbi. T\u1ea5t c\u1ea3 t\u1ea1o n\u00ean m\u1ed9t thi\u1ebft k\u1ebf \u00e1o d\u00e0i \u0111\u1ea1t t\u1ef7 l\u1ec7 phom d\u00e1ng h\u00e0i ho\u00e0 c\u00e2n \u0111\u1ed1i tuy\u1ec7t \u0111\u1ed1i cho ng\u01b0\u1eddi m\u1eb7c. T\u00e1c ph\u1ea9m \u00c1o D\u00e0i Couture \u201cN\u00e0ng Rose\u201d l\u00e0 m\u1ed9t s\u1ef1 l\u1ef1a ch\u1ecdn \u00e1o d\u00e0i d\u1ea1 ti\u1ec7c \u0111\u1eb3ng c\u1ea5p c\u1ee7a nh\u00e0 \u00c1o D\u00e0i Couture By Anna H\u1ea1nh L\u00ea gi\u00fap ph\u00e1t huy v\u1ebb \u0111\u1eb9p ho\u00e0n h\u1ea3o c\u1ee7a l\u1ee5a Rose truy\u1ec1n th\u1ed1ng Vi\u1ec7t Nam.<\/p>\n<p>Thi\u1ebft k\u1ebf ph\u00f9 h\u1ee3p v\u1edbi c\u00e1c bu\u1ed5i t\u1ed1i, Event trang tr\u1ecdng ho\u1eb7c d\u1ea1 ti\u1ec7c ngo\u1ea1i giao \u0111\u1eb3ng c\u1ea5p, d\u00e0nh cho c\u00e1c qu\u00fd c\u00f4 th\u00edch v\u1ebb \u0111\u1eb9p \u00e1o d\u00e0i hi\u1ec7n \u0111\u1ea1i \u0111\u01b0\u1ee3c thi\u1ebft k\u1ebf ri\u00eang cao c\u1ea5p, t\u00f4n v\u1ebb n\u1eef t\u00ednh v\u00e0 sang tr\u1ecdng.<\/p>\n","protected":false},"excerpt":{"rendered":"<p>\u00c1o D\u00e0i \u201cN\u00e0ng Rose\u201d &#8211; BST &#8220;Spring Summer\u201d c\u1ee7a NTK Anna H\u1ea1nh L\u00ea &#8211; Ph\u00f3 Ch\u1ee7 T\u1ecbch Hi\u1ec7p H\u1ed9i \u00c1o D\u00e0i Th\u00e0nh Ph\u1ed1 HCM. \u00dd ngh\u0129a thi\u1ebft k\u1ebf: L\u1ea5y c\u1ea3m h\u1ee9ng t\u1eeb phong c\u00e1ch \u00c1o d\u00e0i Lemur v\u00e0 k\u1ebft h\u1ee3p k\u1ef9 thu\u1eadt c\u1eaft t\u1ea1o phom cao c\u1ea5p v\u00e0 k\u1ef9 thu\u1eadt may hi\u1ec7n \u0111\u1ea1i. Nh\u00e0 thi\u1ebft [&hellip;]<\/p>\n","protected":false},"featured_media":9304,"comment_status":"open","ping_status":"closed","template":"","meta":{"_acf_changed":false,"rank_math_lock_modified_date":false},"product_cat":[69,37],"product_tag":[],"class_list":{"0":"post-9299","1":"product","2":"type-product","3":"status-publish","4":"has-post-thumbnail","6":"product_cat-fall-winter-2024-vi","7":"product_cat-ao-dai-couture","9":"first","10":"instock","11":"shipping-taxable","12":"purchasable","13":"product-type-simple"},"acf":[],"_links":{"self":[{"href":"https:\/\/aodai.byfas.com\/vi\/wp-json\/wp\/v2\/product\/9299","targetHints":{"allow":["GET"]}}],"collection":[{"href":"https:\/\/aodai.byfas.com\/vi\/wp-json\/wp\/v2\/product"}],"about":[{"href":"https:\/\/aodai.byfas.com\/vi\/wp-json\/wp\/v2\/types\/product"}],"replies":[{"embeddable":true,"href":"https:\/\/aodai.byfas.com\/vi\/wp-json\/wp\/v2\/comments?post=9299"}],"wp:featuredmedia":[{"embeddable":true,"href":"https:\/\/aodai.byfas.com\/vi\/wp-json\/wp\/v2\/media\/9304"}],"wp:attachment":[{"href":"https:\/\/aodai.byfas.com\/vi\/wp-json\/wp\/v2\/media?parent=9299"}],"wp:term":[{"taxonomy":"product_cat","embeddable":true,"href":"https:\/\/aodai.byfas.com\/vi\/wp-json\/wp\/v2\/product_cat?post=9299"},{"taxonomy":"product_tag","embeddable":true,"href":"https:\/\/aodai.byfas.com\/vi\/wp-json\/wp\/v2\/product_tag?post=9299"}],"curies":[{"name":"wp","href":"https:\/\/api.w.org\/{rel}","templated":true}]}}