{"id":548,"date":"2024-11-06T07:23:25","date_gmt":"2024-11-06T07:23:25","guid":{"rendered":"https:\/\/aodai.byfas.com\/product\/my-ao-dai\/"},"modified":"2025-03-19T07:38:40","modified_gmt":"2025-03-19T07:38:40","slug":"my-ao-dai","status":"publish","type":"product","link":"https:\/\/aodai.byfas.com\/vi\/chua-duoc-phan-loai-vi\/my-ao-dai\/","title":{"rendered":"May \u00c1o D\u00e0i"},"content":{"rendered":"<table style=\"width: 100%;\">\n<tbody>\n<tr>\n<td style=\"width: 41.8417%;\">H\u01b0\u1edbng d\u1eabn \u0111\u1ecba ph\u01b0\u01a1ng Byfas<\/td>\n<td style=\"width: 55.7984%;\">B\u1ed9 c\u00f4ng c\u1ee5 m\u00e1y may v\u00e0 th\u1ee3 may<\/td>\n<\/tr>\n<tr>\n<td style=\"width: 41.8417%;\">Ph\u00ed v\u00e0o c\u1eeda<\/td>\n<td style=\"width: 55.7984%;\">V\u1ea3i, nguy\u00ean li\u1ec7u<\/td>\n<\/tr>\n<tr>\n<td style=\"width: 41.8417%;\">\u00c1o D\u00e0i c\u1ee7a b\u1ea1n<\/td>\n<td style=\"width: 55.7984%;\">D\u1ecbch v\u1ee5 thi\u1ebft k\u1ebf, chuy\u00ean gia ngh\u1ec7 thu\u1eadt<\/td>\n<\/tr>\n<tr>\n<td style=\"width: 41.8417%;\">Tr\u1ee3 l\u00fd th\u1ee3 may c\u1ee7a b\u1ea1n<\/td>\n<td style=\"width: 55.7984%;\">B\u1ea3o hi\u1ec3m<\/td>\n<\/tr>\n<\/tbody>\n<\/table>\n<blockquote>\n<p>Set menu \u0111\u1ed3 \u0103n nh\u1eb9 v\u00e0 \u0111\u1ed3 u\u1ed1ng \u0111\u1ecba ph\u01b0\u01a1ng<\/p>\n<\/blockquote>\n<ul>\n<li>Tour tr\u1ea3i nghi\u1ec7m \u00e1o d\u00e0i! V\u00e9 s\u1ebd \u0111\u01b0\u1ee3c \u0111\u1ed5i t\u1ed1i \u0111a 1 tu\u1ea7n sau chuy\u1ebfn tham quan S\u00e0i G\u00f2n Insider c\u1ee7a b\u1ea1n. (L\u1ecbch tr\u00ecnh Tour tr\u1ea3i nghi\u1ec7m \u00c1o D\u00e0i).<\/li>\n<li>L\u01b0u \u00fd &#8211; Ch\u00fang t\u00f4i kh\u00f4ng h\u1ed7 tr\u1ee3 v\u1eadn chuy\u1ec3n t\u1edbi Workshop \u00c1o D\u00e0i Tour.<\/li>\n<li>B\u1ea1n c\u00f3 th\u1ec3 \u0111\u1eb7t su\u1ea5t \u0103n chay ri\u00eang khi \u0111\u0103ng k\u00fd v\u00e9 sau chuy\u1ebfn tham quan.<\/li>\n<li>Ch\u00fang t\u00f4i r\u1ea5t coi tr\u1ecdng tr\u1ea3i nghi\u1ec7m c\u1ea3m x\u00fac c\u1ee7a kh\u00e1ch h\u00e0ng v\u00e0 quan tr\u1ecdng h\u01a1n l\u00e0 s\u1ef1 an to\u00e0n c\u1ee7a kh\u00e1ch h\u00e0ng. V\u00ec v\u1eady, vui l\u00f2ng l\u00e0m theo h\u01b0\u1edbng d\u1eabn c\u1ee7a h\u01b0\u1edbng d\u1eabn vi\u00ean gi\u00e0u kinh nghi\u1ec7m c\u1ee7a ch\u00fang t\u00f4i trong su\u1ed1t chuy\u1ebfn tham quan<\/li>\n<\/ul>\n","protected":false},"excerpt":{"rendered":"<p>H\u01b0\u1edbng d\u1eabn \u0111\u1ecba ph\u01b0\u01a1ng Byfas B\u1ed9 c\u00f4ng c\u1ee5 m\u00e1y may v\u00e0 th\u1ee3 may Ph\u00ed v\u00e0o c\u1eeda V\u1ea3i, nguy\u00ean li\u1ec7u \u00c1o D\u00e0i c\u1ee7a b\u1ea1n D\u1ecbch v\u1ee5 thi\u1ebft k\u1ebf, chuy\u00ean gia ngh\u1ec7 thu\u1eadt Tr\u1ee3 l\u00fd th\u1ee3 may c\u1ee7a b\u1ea1n B\u1ea3o hi\u1ec3m Set menu \u0111\u1ed3 \u0103n nh\u1eb9 v\u00e0 \u0111\u1ed3 u\u1ed1ng \u0111\u1ecba ph\u01b0\u01a1ng Tour tr\u1ea3i nghi\u1ec7m \u00e1o d\u00e0i! V\u00e9 [&hellip;]<\/p>\n","protected":false},"featured_media":559,"comment_status":"open","ping_status":"closed","template":"","meta":{"_acf_changed":false,"rank_math_lock_modified_date":false},"product_cat":[23],"product_tag":[],"class_list":{"0":"post-548","1":"product","2":"type-product","3":"status-publish","4":"has-post-thumbnail","6":"product_cat-chua-duoc-phan-loai","8":"first","9":"instock","10":"shipping-taxable","11":"purchasable","12":"product-type-variable"},"acf":[],"_links":{"self":[{"href":"https:\/\/aodai.byfas.com\/vi\/wp-json\/wp\/v2\/product\/548","targetHints":{"allow":["GET"]}}],"collection":[{"href":"https:\/\/aodai.byfas.com\/vi\/wp-json\/wp\/v2\/product"}],"about":[{"href":"https:\/\/aodai.byfas.com\/vi\/wp-json\/wp\/v2\/types\/product"}],"replies":[{"embeddable":true,"href":"https:\/\/aodai.byfas.com\/vi\/wp-json\/wp\/v2\/comments?post=548"}],"wp:featuredmedia":[{"embeddable":true,"href":"https:\/\/aodai.byfas.com\/vi\/wp-json\/wp\/v2\/media\/559"}],"wp:attachment":[{"href":"https:\/\/aodai.byfas.com\/vi\/wp-json\/wp\/v2\/media?parent=548"}],"wp:term":[{"taxonomy":"product_cat","embeddable":true,"href":"https:\/\/aodai.byfas.com\/vi\/wp-json\/wp\/v2\/product_cat?post=548"},{"taxonomy":"product_tag","embeddable":true,"href":"https:\/\/aodai.byfas.com\/vi\/wp-json\/wp\/v2\/product_tag?post=548"}],"curies":[{"name":"wp","href":"https:\/\/api.w.org\/{rel}","templated":true}]}}