{"id":2398,"date":"2025-01-17T03:13:53","date_gmt":"2025-01-17T03:13:53","guid":{"rendered":"https:\/\/aodai.byfas.com\/product\/look-4-2\/"},"modified":"2025-04-02T09:29:11","modified_gmt":"2025-04-02T09:29:11","slug":"look-4-2","status":"publish","type":"product","link":"https:\/\/aodai.byfas.com\/vi\/wedding\/couple\/look-4-2\/","title":{"rendered":"T\u00c2N H\u00d4N PH\u1ee4NG UY\u00caN \u01af\u01a0NG"},"content":{"rendered":"<p>\u00c1o d\u00e0i \u201cT\u00c2N H\u00d4N PH\u1ee4NG UY\u00caN \u01af\u01a0NG \u201d c\u1ee7a \ud835\udc0d\ud835\udc13\ud835\udc0a \ud835\udc00\ud835\udc27\ud835\udc27\ud835\udc1a \ud835\udc07\ud835\udc1a\u0323\ud835\udc27\ud835\udc21 \ud835\udc0b\ud835\udc1e\u0302 &#8211; Ph\u00f3 Ch\u1ee7 T\u1ecbch Hi\u1ec7p H\u1ed9i \u00c1o D\u00e0i Th\u00e0nh Ph\u1ed1 HCM<\/p>\n<p>\u00c1o D\u00e0i l\u1ec5 ph\u1ee5c t\u00e2n h\u00f4n g\u1ed3m hai 2 B\u1ed9 cho c\u00f4 d\u00e2u v\u00e0 ch\u00fa r\u1ec3 m\u1eb7c ; \u00c1o D\u00e0i c\u00f4 d\u00e2u theo phong c\u00e1ch truy\u1ec1n th\u1ed1ng tay r\u00e1p l\u0103ng, c\u1ed5 cao, t\u00e0 A r\u1ed9ng tr\u00ean n\u1ec1n v\u1ea3i l\u1ee5a Rose 2 da truy\u1ec1n th\u1ed1ng v\u00e0 \u00c1o D\u00e0i Nam l\u00e0 phom t\u00e2n c\u1ed5 \u0111i\u1ec3n truy\u1ec1n th\u1ed1ng tr\u1ebb trung v\u1edbi c\u1eaft c\u1eaft h\u00f2 ng\u1ef1c \u0111\u1eafp x\u00e9o c\u00e0i n\u00fat n\u1ed5i tr\u00ean n\u1ec1n v\u1ea3i tapta v\u00e0 l\u00f3t l\u1ee5a g\u1ea5m truy\u1ec1n th\u1ed1ng sang tr\u1ecdng.<\/p>\n<p>\u0110\u1eb7c bi\u1ec7t \u1ea5n t\u01b0\u1ee3ng l\u00e0 tone m\u00e0u \u0111\u1ecf \u0111\u1ed3ng b\u1ed9 tr\u00ean n\u1ec1n l\u1ee5a cao c\u1ea5p v\u00e0 k\u1ef9 thu\u1eadt th\u00eau tinh x\u1ea3o ti\u1ec7p m\u00e0u th\u1ef1c tr\u00ean b\u1ea3n v\u1ebd tay \u0111\u1ed9c quy\u1ec1n c\u1ee7a nh\u00e0 thi\u1ebft k\u1ebf v\u1edbi h\u00ecnh Ph\u1ee5ng V\u0169 \u0111\u1eb7t u\u1ed1n l\u01b0\u1ee3n tinh t\u1ebf \u1edf ph\u1ea7n th\u00e2n tr\u00ean c\u1ee7a \u00e1o c\u00f4 d\u00e2u v\u00e0 v\u00e0 \u00e1o ch\u00fa r\u1ec3, k\u1ebft h\u1ee3p v\u1edbi k\u1ef9 thu\u1eadt \u0111\u00ednh k\u1ebft nh\u1eb9 nh\u00e0ng t\u1ea1o s\u1ef1 s\u1ed1ng \u0111\u1ed9ng c\u1ee7a Ph\u1ee5ng V\u0169 b\u1eb1ng Pha L\u00ea cao c\u1ea5p.<\/p>\n<p>B\u1ed9 l\u1ec5 ph\u1ee5c \u00e1o d\u00e0i T\u00e2n H\u00f4n Ph\u1ee5ng Uy\u00ean \u01af\u01a1ng n\u00e0y ph\u00f9 h\u1ee3p v\u1edbi nh\u1eefng c\u1eb7p \u0111\u00f4i y\u00eau th\u00edch phong c\u00e1ch qu\u00fd t\u1ed9c v\u00e0 kh\u00f4ng gian t\u1ed5 ch\u1ee9c l\u1ec5 t\u00e2n h\u00f4n \u0111\u1ea7u t\u01b0 sang tr\u1ecdng v\u00e0 kh\u1eafc ho\u1ea1 s\u1ef1 cao qu\u00fd \u0111\u1eb3ng c\u1ea5p c\u1ee7a c\u1eb7p \u0111\u00f4i v\u00e0 gia \u0111\u00ecnh h\u1ecd.<\/p>\n","protected":false},"excerpt":{"rendered":"<p>\u00c1o d\u00e0i \u201cT\u00c2N H\u00d4N PH\u1ee4NG UY\u00caN \u01af\u01a0NG \u201d c\u1ee7a \ud835\udc0d\ud835\udc13\ud835\udc0a \ud835\udc00\ud835\udc27\ud835\udc27\ud835\udc1a \ud835\udc07\ud835\udc1a\u0323\ud835\udc27\ud835\udc21 \ud835\udc0b\ud835\udc1e\u0302 &#8211; Ph\u00f3 Ch\u1ee7 T\u1ecbch Hi\u1ec7p H\u1ed9i \u00c1o D\u00e0i Th\u00e0nh Ph\u1ed1 HCM \u00c1o D\u00e0i l\u1ec5 ph\u1ee5c t\u00e2n h\u00f4n g\u1ed3m hai 2 B\u1ed9 cho c\u00f4 d\u00e2u v\u00e0 ch\u00fa r\u1ec3 m\u1eb7c ; \u00c1o D\u00e0i c\u00f4 d\u00e2u theo phong c\u00e1ch truy\u1ec1n th\u1ed1ng tay r\u00e1p l\u0103ng, c\u1ed5 [&hellip;]<\/p>\n","protected":false},"featured_media":9394,"comment_status":"open","ping_status":"closed","template":"","meta":{"_acf_changed":false,"rank_math_lock_modified_date":false},"product_cat":[43,38],"product_tag":[],"class_list":{"0":"post-2398","1":"product","2":"type-product","3":"status-publish","4":"has-post-thumbnail","6":"product_cat-couple","7":"product_cat-wedding","9":"first","10":"instock","11":"shipping-taxable","12":"purchasable","13":"product-type-simple"},"acf":[],"_links":{"self":[{"href":"https:\/\/aodai.byfas.com\/vi\/wp-json\/wp\/v2\/product\/2398","targetHints":{"allow":["GET"]}}],"collection":[{"href":"https:\/\/aodai.byfas.com\/vi\/wp-json\/wp\/v2\/product"}],"about":[{"href":"https:\/\/aodai.byfas.com\/vi\/wp-json\/wp\/v2\/types\/product"}],"replies":[{"embeddable":true,"href":"https:\/\/aodai.byfas.com\/vi\/wp-json\/wp\/v2\/comments?post=2398"}],"wp:featuredmedia":[{"embeddable":true,"href":"https:\/\/aodai.byfas.com\/vi\/wp-json\/wp\/v2\/media\/9394"}],"wp:attachment":[{"href":"https:\/\/aodai.byfas.com\/vi\/wp-json\/wp\/v2\/media?parent=2398"}],"wp:term":[{"taxonomy":"product_cat","embeddable":true,"href":"https:\/\/aodai.byfas.com\/vi\/wp-json\/wp\/v2\/product_cat?post=2398"},{"taxonomy":"product_tag","embeddable":true,"href":"https:\/\/aodai.byfas.com\/vi\/wp-json\/wp\/v2\/product_tag?post=2398"}],"curies":[{"name":"wp","href":"https:\/\/api.w.org\/{rel}","templated":true}]}}