{"id":2396,"date":"2025-01-17T03:11:47","date_gmt":"2025-01-17T03:11:47","guid":{"rendered":"https:\/\/aodai.byfas.com\/product\/look-3-2\/"},"modified":"2025-03-11T02:37:25","modified_gmt":"2025-03-11T02:37:25","slug":"look-3-2","status":"publish","type":"product","link":"https:\/\/aodai.byfas.com\/vi\/wedding\/couple\/look-3-2\/","title":{"rendered":"T\u00c2N H\u00d4N KHAI PH\u00daC"},"content":{"rendered":"<p>\u00c1o D\u00e0i \u201cT\u00c2N H\u00d4N KHAI PH\u00daC \u201d c\u1ee7a \ud835\udc0d\ud835\udc13\ud835\udc0a \ud835\udc00\ud835\udc27\ud835\udc27\ud835\udc1a \ud835\udc07\ud835\udc1a\u0323\ud835\udc27\ud835\udc21 \ud835\udc0b\ud835\udc1e\u0302 &#8211; Ph\u00f3 Ch\u1ee7 T\u1ecbch Hi\u1ec7p H\u1ed9i \u00c1o D\u00e0i Th\u00e0nh Ph\u1ed1 HCM<\/p>\n<p>\u00c1o D\u00e0i l\u1ec5 ph\u1ee5c t\u00e2n h\u00f4n g\u1ed3m hai 2 B\u1ed9 cho c\u00f4 d\u00e2u v\u00e0 ch\u00fa r\u1ec3 m\u1eb7c ; <br \/>\n\u00c1o D\u00e0i c\u00f4 d\u00e2u l\u00e0 ki\u1ec3u \u00e1o d\u00e0i truy\u1ec1n th\u1ed1ng tay r\u00e1p l\u0103ng c\u1ed5 cao t\u00e0 A \u00f4m, s\u1eed d\u1ee5ng ch\u1ea5t v\u1ea3i Satin tr\u01b0\u1ee3t nguy\u00ean b\u1ed9 v\u1edbi \u00e1o m\u00e0u h\u1ed3ng patel ph\u1ed1i v\u1edbi qu\u00e0n m\u00e0u tr\u1eafng. \u0110\u1eb7c bi\u1ec7t \u1ea5n t\u01b0\u1ee3ng l\u00e0 b\u1ea3n th\u00eau tay \u0111\u1ed9c quy\u1ec1n c\u1ee7a Byfas v\u1edbi ho\u1ea1 ti\u1ebft v\u00f2ng ph\u00fac c\u00e1ch \u0111i\u1ec7u s\u1eed d\u1ee5ng k\u1ef9 thu\u1eadt th\u00eau tay v\u00e0 \u0111\u00ednh k\u1ebft tinh x\u1ea3o t\u1eeb ng\u1ef1c xu\u1ed1ng eo t\u1ea1o n\u00e9t m\u00e8m m\u1ea1i \u0111\u00e0i c\u00e1t cho c\u00f4 d\u00e2u m\u1edbi.<\/p>\n<p>\u00c1o D\u00e0i ch\u00fa r\u1ec3 s\u1eed d\u1ee5ng v\u1ea3i Satin tr\u01b0\u1ee3t sang tr\u1ecdng tr\u00ean tone m\u00e0u xanh Aquamarine qu\u00fd t\u1ed9c v\u00e0 l\u00f3t l\u1ee5a g\u1ea5m truy\u1ec1n th\u1ed1ng sang tr\u1ecdng t\u1ea1o n\u00e9t tr\u1ebb trung l\u1ecbch l\u00e3m cho ch\u00fa r\u1ec3. \u0110\u1eb7c bi\u1ec7t \u1ea5n t\u01b0\u1ee3ng l\u00e0 ho\u1ea1 ti\u1ebft c\u1ed5ng ph\u00fac \u1ee9ng d\u1ee5ng k\u1ef9 thu\u1eadt th\u00eau tay v\u00e0 \u0111\u00ednh k\u1ebft tinh x\u1ea3o v\u00e0 ngh\u1ec7 thu\u1eadt ph\u1ed1i m\u00e0u tinh t\u1ebf \u0111\u1eb7c tr\u01b0ng c\u1ee7a Nh\u00e0 Anna Hanh Le t\u1ea1o n\u00ean phong c\u00e1ch t\u01b0\u01a1i t\u1eafn cho ch\u00fa r\u1ec3 ng\u00e0y c\u01b0\u1edbi.<\/p>\n<p>B\u1ed9 l\u1ec5 ph\u1ee5c \u00c1o D\u00e0i T\u00e2n H\u00f4n Khai Ph\u00fac n\u00e0y ph\u00f9 h\u1ee3p v\u1edbi nh\u1eefng c\u1eb7p \u0111\u00f4i y\u00eau th\u00edch phong c\u00e1ch tr\u1ebb trung thanh l\u1ecbch v\u00e0 kh\u00f4ng gian t\u1ed5 ch\u1ee9c l\u1ec5 t\u00e2n h\u00f4n \u0111\u1ea7u t\u01b0 phong c\u00e1ch l\u00e3ng m\u1ea1n hi\u1ec7n \u0111\u1ea1i c\u1ee7a c\u00f4 d\u00e2u v\u00e0 ch\u00fa r\u1ec3.<\/p>\n","protected":false},"excerpt":{"rendered":"<p>\u00c1o D\u00e0i \u201cT\u00c2N H\u00d4N KHAI PH\u00daC \u201d c\u1ee7a \ud835\udc0d\ud835\udc13\ud835\udc0a \ud835\udc00\ud835\udc27\ud835\udc27\ud835\udc1a \ud835\udc07\ud835\udc1a\u0323\ud835\udc27\ud835\udc21 \ud835\udc0b\ud835\udc1e\u0302 &#8211; Ph\u00f3 Ch\u1ee7 T\u1ecbch Hi\u1ec7p H\u1ed9i \u00c1o D\u00e0i Th\u00e0nh Ph\u1ed1 HCM \u00c1o D\u00e0i l\u1ec5 ph\u1ee5c t\u00e2n h\u00f4n g\u1ed3m hai 2 B\u1ed9 cho c\u00f4 d\u00e2u v\u00e0 ch\u00fa r\u1ec3 m\u1eb7c ; \u00c1o D\u00e0i c\u00f4 d\u00e2u l\u00e0 ki\u1ec3u \u00e1o d\u00e0i truy\u1ec1n th\u1ed1ng tay r\u00e1p l\u0103ng c\u1ed5 [&hellip;]<\/p>\n","protected":false},"featured_media":9396,"comment_status":"open","ping_status":"closed","template":"","meta":{"_acf_changed":false,"rank_math_lock_modified_date":false},"product_cat":[43,38],"product_tag":[],"class_list":{"0":"post-2396","1":"product","2":"type-product","3":"status-publish","4":"has-post-thumbnail","6":"product_cat-couple","7":"product_cat-wedding","9":"first","10":"instock","11":"shipping-taxable","12":"purchasable","13":"product-type-simple"},"acf":[],"_links":{"self":[{"href":"https:\/\/aodai.byfas.com\/vi\/wp-json\/wp\/v2\/product\/2396","targetHints":{"allow":["GET"]}}],"collection":[{"href":"https:\/\/aodai.byfas.com\/vi\/wp-json\/wp\/v2\/product"}],"about":[{"href":"https:\/\/aodai.byfas.com\/vi\/wp-json\/wp\/v2\/types\/product"}],"replies":[{"embeddable":true,"href":"https:\/\/aodai.byfas.com\/vi\/wp-json\/wp\/v2\/comments?post=2396"}],"wp:featuredmedia":[{"embeddable":true,"href":"https:\/\/aodai.byfas.com\/vi\/wp-json\/wp\/v2\/media\/9396"}],"wp:attachment":[{"href":"https:\/\/aodai.byfas.com\/vi\/wp-json\/wp\/v2\/media?parent=2396"}],"wp:term":[{"taxonomy":"product_cat","embeddable":true,"href":"https:\/\/aodai.byfas.com\/vi\/wp-json\/wp\/v2\/product_cat?post=2396"},{"taxonomy":"product_tag","embeddable":true,"href":"https:\/\/aodai.byfas.com\/vi\/wp-json\/wp\/v2\/product_tag?post=2396"}],"curies":[{"name":"wp","href":"https:\/\/api.w.org\/{rel}","templated":true}]}}