{"id":2394,"date":"2025-01-17T03:07:32","date_gmt":"2025-01-17T03:07:32","guid":{"rendered":"https:\/\/aodai.byfas.com\/product\/look-2-2\/"},"modified":"2025-03-11T08:50:22","modified_gmt":"2025-03-11T08:50:22","slug":"look-2-2","status":"publish","type":"product","link":"https:\/\/aodai.byfas.com\/vi\/wedding\/couple\/look-2-2\/","title":{"rendered":"T\u00c2N H\u00d4N XU\u00c2N LONG PH\u1ee4NG"},"content":{"rendered":"<p>\u00c1o D\u00e0i \u201cT\u00c2N H\u00d4N XU\u00c2N LONG PH\u1ee4NG\u201d c\u1ee7a \ud835\udc0d\ud835\udc13\ud835\udc0a \ud835\udc00\ud835\udc27\ud835\udc27\ud835\udc1a \ud835\udc07\ud835\udc1a\u0323\ud835\udc27\ud835\udc21 \ud835\udc0b\ud835\udc1e\u0302 &#8211; Ph\u00f3 Ch\u1ee7 T\u1ecbch Hi\u1ec7p H\u1ed9i \u00c1o D\u00e0i Th\u00e0nh Ph\u1ed1 HCM<\/p>\n<p>\n\u00c1o d\u00e0i l\u1ec5 ph\u1ee5c t\u00e2n h\u00f4n g\u1ed3m hai 2 B\u1ed9 cho c\u00f4 d\u00e2u v\u00e0 ch\u00fa r\u1ec3 m\u1eb7c ; \u00c1o d\u00e0i c\u00f4 d\u00e2u l\u00e0 ki\u1ec3u \u00e1o d\u00e0i truy\u1ec1n th\u1ed1ng tay r\u00e1p l\u0103ng ta A s\u1eed d\u1ee5ng ch\u1ea5t v\u1ea3i nguy\u00ean b\u1ed9 Satin tr\u01b0\u1ee3t m\u00e0u h\u1ed3ng ph\u1ea5n ng\u1ecdt ng\u00e0o, th\u1ef1c hi\u1ec7n b\u1ea3n v\u1ebd tay h\u00ecnh chim ph\u01b0\u1ee3ng ho\u00e0ng khi\u00eau v\u0169 h\u01b0\u01a1ng hoa \u0111\u00e0o ng\u00e0y xu\u00e2n, \u1ee9ng d\u1ee5ng k\u1ef9 thu\u1eadt th\u00eau tay tinh x\u1ea3o k\u1ebft \u0111\u00e1 pha l\u00ea cao c\u1ea5p v\u00e0 k\u1ef9 thu\u1eadt ph\u1ed1i m\u00e0u tinh t\u1ebf c\u1ee7a nh\u00e0 Anna Hanh Le.<\/p>\n<p>\u00c1o d\u00e0i ch\u00fa r\u1ec3 s\u1eed d\u1ee5ng l\u1ee5a Tapta ang tr\u1ecdng ph\u1ed1i l\u1edbp l\u00f3t l\u00e0 l\u1ee5a g\u1ea5m truy\u1ec1n th\u1ed1ng v\u1edbi tone m\u00e0u xanh Cyan. Ki\u1ec3u \u00e1o d\u00e0i hi\u1ec7n \u0111\u1ea1i v\u1edbi l\u1ed1i c\u1eaft form t\u1ea1o v\u1ea1t h\u00f2 x\u00e9o \u1edf ng\u1ef1c mang \u0111\u1ebfn phong c\u00e1ch m\u1eb7c tr\u1ebb trung l\u1ecbch l\u00e3m cho Ch\u00fa r\u1ec3. \u0110\u1eb7c bi\u1ec7t \u1ea5n t\u01b0\u1ee3ng l\u00e0 ho\u1ea1 ti\u1ebft r\u1ed3ng ch\u1ea7u c\u00e1ch \u0111i\u1ec7u \u0111\u1eb7t kh\u00e9o l\u00e9o \u1edf ng\u1ef1c \u0111\u01b0\u1ee3c th\u00eau tay tinh x\u1ea3o v\u00e0 \u0111\u00ednh \u0111\u00e1 pha l\u00ea t\u1ec9 m\u1ec9 t\u1eeb b\u1ea3n v\u1ebd tay \u0111\u1ed9c quy\u1ec1n v\u00e0 ngh\u1ec7 thu\u1eadt ph\u1ed1i tinh t\u1ebf \u0111\u1eb7c tr\u01b0ng c\u1ee7a nh\u00e0 Anna Hanh Le t\u1ea1o n\u00ean phong th\u00e1i sang tr\u1ecdng kh\u00f4i ng\u00f4 cho Ch\u00fa r\u1ec3 ng\u00e0y c\u01b0\u1edbi.<\/p>\n<p>B\u1ed9 l\u1ec5 ph\u1ee5c \u00e1o d\u00e0i t\u00e2n h\u00f4n Xu\u00e2n Long Ph\u1ee5ng n\u00e0y ph\u00f9 h\u1ee3p v\u1edbi nh\u1eefng c\u1eb7p \u0111\u00f4i y\u00eau th\u00edch phong c\u00e1ch l\u00e3ng m\u1ea1n sang tr\u1ecdng v\u00e0 kh\u00f4ng gian t\u1ed5 ch\u1ee9c l\u1ec5 t\u00e2n h\u00f4n \u0111\u1ea7u t\u01b0 sang tr\u1ecdng v\u00e0 kh\u1eafc ho\u1ea1 phong t\u00e2n c\u1ed5 \u0111i\u1ec3n c\u1ee7a c\u1eb7p \u0111\u00f4i.<\/p>\n","protected":false},"excerpt":{"rendered":"<p>\u00c1o D\u00e0i \u201cT\u00c2N H\u00d4N XU\u00c2N LONG PH\u1ee4NG\u201d c\u1ee7a \ud835\udc0d\ud835\udc13\ud835\udc0a \ud835\udc00\ud835\udc27\ud835\udc27\ud835\udc1a \ud835\udc07\ud835\udc1a\u0323\ud835\udc27\ud835\udc21 \ud835\udc0b\ud835\udc1e\u0302 &#8211; Ph\u00f3 Ch\u1ee7 T\u1ecbch Hi\u1ec7p H\u1ed9i \u00c1o D\u00e0i Th\u00e0nh Ph\u1ed1 HCM \u00c1o d\u00e0i l\u1ec5 ph\u1ee5c t\u00e2n h\u00f4n g\u1ed3m hai 2 B\u1ed9 cho c\u00f4 d\u00e2u v\u00e0 ch\u00fa r\u1ec3 m\u1eb7c ; \u00c1o d\u00e0i c\u00f4 d\u00e2u l\u00e0 ki\u1ec3u \u00e1o d\u00e0i truy\u1ec1n th\u1ed1ng tay r\u00e1p l\u0103ng ta [&hellip;]<\/p>\n","protected":false},"featured_media":9398,"comment_status":"open","ping_status":"closed","template":"","meta":{"_acf_changed":false,"rank_math_lock_modified_date":false},"product_cat":[43,38],"product_tag":[],"class_list":{"0":"post-2394","1":"product","2":"type-product","3":"status-publish","4":"has-post-thumbnail","6":"product_cat-couple","7":"product_cat-wedding","9":"first","10":"instock","11":"shipping-taxable","12":"purchasable","13":"product-type-simple"},"acf":[],"_links":{"self":[{"href":"https:\/\/aodai.byfas.com\/vi\/wp-json\/wp\/v2\/product\/2394","targetHints":{"allow":["GET"]}}],"collection":[{"href":"https:\/\/aodai.byfas.com\/vi\/wp-json\/wp\/v2\/product"}],"about":[{"href":"https:\/\/aodai.byfas.com\/vi\/wp-json\/wp\/v2\/types\/product"}],"replies":[{"embeddable":true,"href":"https:\/\/aodai.byfas.com\/vi\/wp-json\/wp\/v2\/comments?post=2394"}],"wp:featuredmedia":[{"embeddable":true,"href":"https:\/\/aodai.byfas.com\/vi\/wp-json\/wp\/v2\/media\/9398"}],"wp:attachment":[{"href":"https:\/\/aodai.byfas.com\/vi\/wp-json\/wp\/v2\/media?parent=2394"}],"wp:term":[{"taxonomy":"product_cat","embeddable":true,"href":"https:\/\/aodai.byfas.com\/vi\/wp-json\/wp\/v2\/product_cat?post=2394"},{"taxonomy":"product_tag","embeddable":true,"href":"https:\/\/aodai.byfas.com\/vi\/wp-json\/wp\/v2\/product_tag?post=2394"}],"curies":[{"name":"wp","href":"https:\/\/api.w.org\/{rel}","templated":true}]}}