{"id":2392,"date":"2025-01-17T03:06:06","date_gmt":"2025-01-17T03:06:06","guid":{"rendered":"https:\/\/aodai.byfas.com\/product\/look-1-2\/"},"modified":"2025-03-24T09:33:38","modified_gmt":"2025-03-24T09:33:38","slug":"look-1-2","status":"publish","type":"product","link":"https:\/\/aodai.byfas.com\/vi\/wedding\/couple\/look-1-2\/","title":{"rendered":"T\u00e2n H\u00f4n Qu\u00fd T\u1ed9c Nam B\u1ed9"},"content":{"rendered":"<p>\u00c1o D\u00e0i \u201cT\u00c2N H\u00d4N QU\u00dd T\u1ed8C NAM B\u1ed8\u201d c\u1ee7a \ud835\udc0d\ud835\udc13\ud835\udc0a \ud835\udc00\ud835\udc27\ud835\udc27\ud835\udc1a \ud835\udc07\ud835\udc1a\u0323\ud835\udc27\ud835\udc21 \ud835\udc0b\ud835\udc1e\u0302 &#8211; Ph\u00f3 Ch\u1ee7 T\u1ecbch Hi\u1ec7p H\u1ed9i \u00c1o D\u00e0i Th\u00e0nh Ph\u1ed1 HCM<\/p>\n<p>\u00c1o D\u00e0i l\u1ec5 ph\u1ee5c t\u00e2n h\u00f4n g\u1ed3m hai 2 B\u1ed9 cho c\u00f4 d\u00e2u v\u00e0 ch\u00fa r\u1ec3 m\u1eb7c ; \u00c1o D\u00e0i c\u00f4 d\u00e2u theo phong c\u00e1ch ti\u1ec3u th\u01b0 qu\u00fd t\u1ed9c g\u1ed3m \u00e1o d\u00e0i phom l\u00ea ph\u1ed5 truy\u1ec1n th\u1ed1ng b\u00ean trong m\u1eb7c v\u1edbi v\u00e1y d\u00e0i, b\u00ean ngo\u00e0i l\u00e0 \u00e1o kho\u00e1c nh\u1eadt b\u00ecnh qu\u00fd t\u1ed9c l\u1ea5y c\u1ea3m h\u1ee9ng phong c\u00e1ch Nam Ph\u01b0\u01a1ng. \u00c1o d\u00e0i ch\u00fa r\u1ec3 l\u00e0 ki\u1ec3u \u00e1o ng\u0169 th\u00e2n tay th\u1ee5ng qu\u00fd t\u1ed9c.<br \/>\n\u1ea4n t\u01b0\u1ee3ng v\u1edbi m\u00e0u v\u00e0ng nh\u1ea1t ng\u1ecdc trai, t\u1ea1o n\u00e9t tinh kh\u00f4i \u0111\u00e0i c\u00e1t cho c\u00f4 d\u00e2u v\u00e0 nh\u1ea5n m\u1ea1nh v\u1ebb kh\u00f4i ng\u00f4 tu\u1ea5n t\u00fa c\u1ee7a ch\u00fa r\u1ec3. C\u00e1c ho\u1ea1 ti\u1ebft tr\u00ean \u00e1o c\u00f4 d\u00e2u l\u00e0 k\u1ef9 thu\u1eadt th\u00eau tay v\u00e0 \u0111\u00ednh \u0111\u00e1 pha l\u00ea cao c\u1ea5p.<\/p>\n<p>B\u1ed9 l\u1ec5 ph\u1ee5c \u00e1o d\u00e0i t\u00e2n h\u00f4n n\u00e0y ph\u00f9 h\u1ee3p v\u1edbi nh\u1eefng c\u1eb7p \u0111\u00f4i y\u00eau th\u00edch phong c\u00e1ch qu\u00fd t\u1ed9c v\u00e0 kh\u00f4ng gian t\u1ed5 ch\u1ee9c l\u1ec5 t\u00e2n h\u00f4n \u0111\u1ea7u t\u01b0 sang tr\u1ecdng v\u00e0 kh\u1eafc ho\u1ea1 s\u1ef1 quy\u1ec1n qu\u00fd \u0111\u1eb3ng c\u1ea5p c\u1ee7a c\u1eb7p \u0111\u00f4i v\u00e0 gia \u0111\u00ecnh h\u1ecd.<\/p>\n","protected":false},"excerpt":{"rendered":"<p>\u00c1o D\u00e0i \u201cT\u00c2N H\u00d4N QU\u00dd T\u1ed8C NAM B\u1ed8\u201d c\u1ee7a \ud835\udc0d\ud835\udc13\ud835\udc0a \ud835\udc00\ud835\udc27\ud835\udc27\ud835\udc1a \ud835\udc07\ud835\udc1a\u0323\ud835\udc27\ud835\udc21 \ud835\udc0b\ud835\udc1e\u0302 &#8211; Ph\u00f3 Ch\u1ee7 T\u1ecbch Hi\u1ec7p H\u1ed9i \u00c1o D\u00e0i Th\u00e0nh Ph\u1ed1 HCM \u00c1o D\u00e0i l\u1ec5 ph\u1ee5c t\u00e2n h\u00f4n g\u1ed3m hai 2 B\u1ed9 cho c\u00f4 d\u00e2u v\u00e0 ch\u00fa r\u1ec3 m\u1eb7c ; \u00c1o D\u00e0i c\u00f4 d\u00e2u theo phong c\u00e1ch ti\u1ec3u th\u01b0 qu\u00fd t\u1ed9c g\u1ed3m \u00e1o [&hellip;]<\/p>\n","protected":false},"featured_media":9400,"comment_status":"open","ping_status":"closed","template":"","meta":{"_acf_changed":false,"rank_math_lock_modified_date":false},"product_cat":[43,38],"product_tag":[],"class_list":{"0":"post-2392","1":"product","2":"type-product","3":"status-publish","4":"has-post-thumbnail","6":"product_cat-couple","7":"product_cat-wedding","9":"first","10":"instock","11":"shipping-taxable","12":"purchasable","13":"product-type-simple"},"acf":[],"_links":{"self":[{"href":"https:\/\/aodai.byfas.com\/vi\/wp-json\/wp\/v2\/product\/2392","targetHints":{"allow":["GET"]}}],"collection":[{"href":"https:\/\/aodai.byfas.com\/vi\/wp-json\/wp\/v2\/product"}],"about":[{"href":"https:\/\/aodai.byfas.com\/vi\/wp-json\/wp\/v2\/types\/product"}],"replies":[{"embeddable":true,"href":"https:\/\/aodai.byfas.com\/vi\/wp-json\/wp\/v2\/comments?post=2392"}],"wp:featuredmedia":[{"embeddable":true,"href":"https:\/\/aodai.byfas.com\/vi\/wp-json\/wp\/v2\/media\/9400"}],"wp:attachment":[{"href":"https:\/\/aodai.byfas.com\/vi\/wp-json\/wp\/v2\/media?parent=2392"}],"wp:term":[{"taxonomy":"product_cat","embeddable":true,"href":"https:\/\/aodai.byfas.com\/vi\/wp-json\/wp\/v2\/product_cat?post=2392"},{"taxonomy":"product_tag","embeddable":true,"href":"https:\/\/aodai.byfas.com\/vi\/wp-json\/wp\/v2\/product_tag?post=2392"}],"curies":[{"name":"wp","href":"https:\/\/api.w.org\/{rel}","templated":true}]}}