{"id":11635,"date":"2025-08-19T07:26:07","date_gmt":"2025-08-19T07:26:07","guid":{"rendered":"https:\/\/aodai.byfas.com\/?post_type=product&#038;p=11635"},"modified":"2025-08-24T02:14:46","modified_gmt":"2025-08-24T02:14:46","slug":"ra-mat-sai-gon-nghe-thuat-va-van-hoa-couture-lua-trong-ve-dep-ao-dai","status":"publish","type":"product","link":"https:\/\/aodai.byfas.com\/vi\/cultural-tour\/ra-mat-sai-gon-nghe-thuat-va-van-hoa-couture-lua-trong-ve-dep-ao-dai\/","title":{"rendered":"Ra m\u1eaft S\u00e0i G\u00f2n: Ngh\u1ec7 thu\u1eadt v\u00e0 v\u0103n h\u00f3a Couture l\u1ee5a trong v\u1ebb \u0111\u1eb9p \u00c1o d\u00e0i"},"content":{"rendered":"<h3>Ch\u01b0\u01a1ng tr\u00ecnh tour: (Th\u1eddi l\u01b0\u1ee3ng: 4,5 gi\u1edd)<\/h3>\n<h3>1. G\u1eb7p g\u1ee1 &amp; Ch\u1ee5p \u1ea3nh t\u1ea1i Nh\u00e0 h\u00e1t Th\u00e0nh ph\u1ed1<\/h3>\n<p><span style=\"font-weight: 400;\">B\u1eaft \u0111\u1ea7u h\u00e0nh tr\u00ecnh c\u1ee7a b\u1ea1n t\u1ea1i Nh\u00e0 h\u00e1t Th\u00e0nh ph\u1ed1, c\u00f4ng tr\u00ecnh \u0111\u1eb9p \u0111\u1ebd t\u1eebng l\u00e0 vi\u00ean ng\u1ecdc ki\u1ebfn tr\u00fac th\u1eddi thu\u1ed9c \u0111\u1ecba Ph\u00e1p. Ch\u1ee5p nh\u1eefng b\u1ee9c \u1ea3nh lookbook tuy\u1ec7t \u0111\u1eb9p c\u00f9ng b\u1ea1n b\u00e8 tr\u00ean ph\u00f4ng n\u1ec1n mang t\u00ednh bi\u1ec3u t\u01b0\u1ee3ng n\u00e0y, t\u1ea1o n\u00ean m\u1ed9t tr\u1ea3i nghi\u1ec7m v\u0103n h\u00f3a tinh t\u1ebf.<\/span><\/p>\n<h3>2. Tham quan B\u1ea3o t\u00e0ng Ph\u1ee5 n\u1eef Nam B\u1ed9<\/h3>\n<p><span style=\"font-weight: 400;\">B\u01b0\u1edbc v\u00e0o B\u1ea3o t\u00e0ng Ph\u1ee5 n\u1eef Nam B\u1ed9 \u0111\u1ec3 kh\u00e1m ph\u00e1 v\u1ebb \u0111\u1eb9p v\u0103n h\u00f3a v\u00e0 l\u1ecbch s\u1eed ph\u00e1t tri\u1ec3n c\u1ee7a \u00c1o d\u00e0i. Kh\u00e1m ph\u00e1 c\u00e1ch th\u1ee9c trang ph\u1ee5c thanh l\u1ecbch n\u00e0y h\u00f2a quy\u1ec7n v\u00e0o b\u1ea3n s\u1eafc Vi\u1ec7t Nam, \u0111\u1ea1i di\u1ec7n cho s\u1ef1 duy\u00ean d\u00e1ng, truy\u1ec1n th\u1ed1ng v\u00e0 hi\u1ec7n \u0111\u1ea1i qua nhi\u1ec1u th\u1eadp k\u1ef7.<\/span><\/p>\n<h3>3. Kh\u00e1m ph\u00e1 Ch\u1ee3 B\u1ebfn Th\u00e0nh<\/h3>\n<p><span style=\"font-weight: 400;\">Ti\u1ebfp theo, c\u00f9ng \u0111\u1eafm m\u00ecnh v\u00e0o kh\u00f4ng kh\u00ed nh\u1ed9n nh\u1ecbp c\u1ee7a Ch\u1ee3 B\u1ebfn Th\u00e0nh. Kh\u00e1m ph\u00e1 l\u1ecbch s\u1eed th\u00fa v\u1ecb c\u1ee7a ngh\u1ec1 bu\u00f4n b\u00e1n t\u01a1 l\u1ee5a v\u00e0 v\u0103n h\u00f3a kinh doanh th\u01b0\u01a1ng m\u1ea1i s\u00f4i \u0111\u1ed9ng c\u1ee7a mi\u1ec1n Nam Vi\u1ec7t Nam. T\u1ea1i \u0111\u00e2y, s\u1ee3i t\u01a1 truy\u1ec1n th\u1ed1ng ti\u1ebfp t\u1ee5c nu\u00f4i d\u01b0\u1ee1ng sinh k\u1ebf v\u00e0 ngh\u1ec1 th\u1ee7 c\u00f4ng m\u1ef9 ngh\u1ec7 c\u1ee7a c\u1ed9ng \u0111\u1ed3ng.<\/span><\/p>\n<h3>4. Tr\u1ea3i nghi\u1ec7m \u00c1o d\u00e0i Couture t\u1ea1i Couture Art Gallery Anna H\u1ea1nh L\u00ea<\/h3>\n<p><span style=\"font-weight: 400;\">T\u1eadn h\u01b0\u1edfng chuy\u1ebfn tour \u0111\u1ed9c quy\u1ec1n \u0111\u1ebfn Couture Art Gallery<\/span> <span style=\"font-weight: 400;\">Anna H\u1ea1nh L\u00ea Couture, n\u1ed5i ti\u1ebfng v\u1edbi ngu\u1ed3n v\u1ea3i l\u1ee5a t\u1ef1 nhi\u00ean cao c\u1ea5p tinh t\u1ebf v\u00e0 nh\u1eefng t\u00e1c ph\u1ea9m \u00c1o d\u00e0i Couture. Tham gia workshop th\u1ef1c h\u00e0nh do c\u00e1c ngh\u1ec7 nh\u00e2n b\u1eadc th\u1ea7y h\u01b0\u1edbng d\u1eabn, n\u01a1i b\u1ea1n quan s\u00e1t \u0111\u01b0\u1ee3c ngh\u1ec7 thu\u1eadt t\u1ec9 m\u1ec9 \u0111\u1eb1ng sau t\u00e0 \u00e1o d\u00e0i, th\u1eadm ch\u00ed \u0111\u01b0\u1ee3c t\u1ef1 tay th\u1ef1c h\u00e0nh c\u00e1c k\u1ef9 thu\u1eadt c\u1eaft may truy\u1ec1n th\u1ed1ng.<\/span><\/p>\n<h3>5. B\u1eefa tr\u01b0a chia tay<\/h3>\n<p><span style=\"font-weight: 400;\">K\u1ebft th\u00fac tour tr\u1ea3i nghi\u1ec7m v\u0103n h\u00f3a c\u1ee7a b\u1ea1n b\u1eb1ng m\u1ed9t b\u1eefa tr\u01b0a ngon mi\u1ec7ng t\u1ea1i m\u1ed9t nh\u00e0 h\u00e0ng ph\u1ee5c v\u1ee5 m\u00f3n \u0103n Nam B\u1ed9 \u0111\u00edch th\u1ef1c. L\u1ecbch tr\u00ecnh m\u1edf r\u1ed9ng \u0111\u01b0\u1ee3c s\u1eafp x\u1ebfp h\u1ee3p l\u00fd cho ph\u00e9p du kh\u00e1ch kh\u00e1m ph\u00e1 s\u00e2u h\u01a1n t\u1eebng \u0111i\u1ec3m \u0111\u1ebfn, t\u0103ng c\u01b0\u1eddng s\u1ef1 t\u01b0\u01a1ng t\u00e1c trong workshop v\u00e0 th\u01b0 th\u00e1i t\u1eadn h\u01b0\u1edfng \u0111\u1ec3 c\u1ea3m nh\u1eadn tr\u1ecdn v\u1eb9n v\u1ebb \u0111\u1eb9p v\u0103n ho\u00e1 Nam B\u1ed9 c\u00f9ng ngh\u1ec7 thu\u1eadt tinh t\u1ebf c\u1ee7a \u00c1o D\u00e0i.<\/span><\/p>\n<p>&#8212;<\/p>\n<h3>Th\u1eddi l\u01b0\u1ee3ng Workshop Ngh\u1ec7 thu\u1eadt \u00c1o d\u00e0i<\/h3>\n<p>D\u00e0nh ri\u00eang cho nh\u00f3m t\u1eeb 10\u201315 ng\u01b0\u1eddi l\u00e0 c\u00e1c nh\u00e0 mua h\u00e0ng t\u00ecm ngu\u1ed3n cung \u1ee9ng qu\u1ed1c t\u1ebf, doanh nh\u00e2n n\u01b0\u1edbc ngo\u00e0i (Ph\u00f2ng Th\u01b0\u01a1ng m\u1ea1i v\u00e0 Tham t\u00e1n Th\u01b0\u01a1ng m\u1ea1i c\u1ee7a c\u00e1c T\u1ed5ng L\u00e3nh s\u1ef1 qu\u00e1n n\u01b0\u1edbc ngo\u00e0i t\u1ea1i Vi\u1ec7t Nam).<\/p>\n<h3>H\u00e0nh tr\u00ecnh T\u01a1 l\u1ee5a Byfas: Kh\u00e1m ph\u00e1 l\u1ee5a thi\u00ean nhi\u00ean cao c\u1ea5p c\u1ee7a Vi\u1ec7t Nam<\/h3>\n<p>Kh\u00e1m ph\u00e1 v\u1ea3i l\u1ee5a thi\u00ean nhi\u00ean Vi\u1ec7t Nam h\u1ea3o h\u1ea1ng nh\u1ea5t c\u00f3 ngu\u1ed3n g\u1ed1c t\u1eeb cao nguy\u00ean L\u00e2m \u0110\u1ed3ng.<\/p>\n<p>Tr\u1ea3i nghi\u1ec7m s\u1ef1 k\u1ebft h\u1ee3p ho\u00e0n h\u1ea3o gi\u1eefa ngh\u1ec1 d\u1ec7t truy\u1ec1n th\u1ed1ng v\u00e0 c\u00f4ng ngh\u1ec7 hi\u1ec7n \u0111\u1ea1i, \u0111\u1ed3ng th\u1eddi t\u00ecm hi\u1ec3u chuy\u00ean s\u00e2u v\u1ec1 c\u00e1ch l\u1ee5a cao c\u1ea5p \u0111\u01b0\u1ee3c t\u1ea1o ra v\u00e0 \u1ee9ng d\u1ee5ng trong th\u1eddi trang v\u00e0 v\u0103n h\u00f3a \u0111\u01b0\u01a1ng \u0111\u1ea1i.<\/p>\n<h3>H\u00e0nh tr\u00ecnh Thi\u1ebft k\u1ebf Th\u1eddi trang Byfas: Kh\u00e1m ph\u00e1 Ngh\u1ec7 thu\u1eadt May \u0111o Vi\u1ec7t Nam<\/h3>\n<p>Chi\u00eam ng\u01b0\u1ee1ng ngh\u1ec7 thu\u1eadt v\u00e0 s\u1ef1 tr\u00e2n tr\u1ecdng \u0111\u1eb1ng sau ngh\u1ec7 thu\u1eadt may \u0111o Vi\u1ec7t Nam. H\u1ee3p t\u00e1c ch\u1eb7t ch\u1ebd v\u1edbi c\u00e1c ngh\u1ec7 nh\u00e2n Byfas l\u00e0nh ngh\u1ec1 trong m\u1ed9t kh\u00f4ng gian s\u00e1ng t\u1ea1o \u0111\u1ea7y nhi\u1ec7t huy\u1ebft, v\u00e0 tr\u00e2n tr\u1ecdng di s\u1ea3n phong ph\u00fa \u0111\u01b0\u1ee3c d\u1ec7t n\u00ean trong m\u1ed7i chi\u1ebfc \u00c1o d\u00e0i th\u1eddi trang cao c\u1ea5p.<\/p>\n<h3>Tr\u1ea3i nghi\u1ec7m Di s\u1ea3n V\u0103n h\u00f3a<\/h3>\n<p>Kh\u00e1m ph\u00e1 kho t\u00e0ng v\u0103n h\u00f3a \u1ea9n gi\u1ea5u c\u1ee7a Vi\u1ec7t Nam b\u1eb1ng c\u00e1ch t\u1ef1 tay l\u00e0m n\u00ean m\u00f3n qu\u00e0 l\u01b0u ni\u1ec7m mang d\u1ea5u \u1ea5n c\u00e1 nh\u00e2n t\u1ea1i X\u01b0\u1edfng Thi\u1ebft k\u1ebf \u00c1o d\u00e0i h\u00e0ng \u0111\u1ea7u &#8211; m\u1ed9t m\u00f3n qu\u00e0 l\u01b0u ni\u1ec7m \u0111\u00e1ng nh\u1edb l\u00e0m phong ph\u00fa th\u00eam h\u00e0nh tr\u00ecnh v\u0103n h\u00f3a c\u1ee7a b\u1ea1n.<\/p>\n<h3>Tour bao g\u1ed3m:<\/h3>\n<ul>\n<li>H\u01b0\u1edbng d\u1eabn vi\u00ean v\u00e0 tr\u1ee3 l\u00fd chuy\u00ean nghi\u1ec7p c\u1ee7a Byfas<\/li>\n<li>\u0110\u1ed3 \u0103n nh\u1eb9 h\u1ea3o h\u1ea1ng &amp; \u0111\u1ed3 u\u1ed1ng th\u1ee7 c\u00f4ng<\/li>\n<li>M\u00e1y may &amp; v\u1eadt t\u01b0 ch\u1ea5t l\u01b0\u1ee3ng cao<\/li>\n<li>V\u1ea3i v\u00e0 nguy\u00ean li\u1ec7u cao c\u1ea5p<\/li>\n<li>B\u1ea3o hi\u1ec3m to\u00e0n di\u1ec7n<\/li>\n<\/ul>\n<h3>L\u01b0u \u00fd quan tr\u1ecdng:<\/h3>\n<ul>\n<li>L\u1ecbch tr\u00ecnh tour c\u00f3 th\u1ec3 \u0111\u01b0\u1ee3c \u0111i\u1ec1u ch\u1ec9nh v\u1edbi th\u00f4ng b\u00e1o tr\u01b0\u1edbc \u00edt nh\u1ea5t 3 ng\u00e0y v\u00e0 t\u00f9y thu\u1ed9c v\u00e0o t\u00ecnh tr\u1ea1ng ch\u1ed7 tham gia c\u00f2n tr\u1ed1ng.<\/li>\n<li>Tour bao g\u1ed3m xe vespa c\u1ed5 \u0111i\u1ec3n \u0111\u01b0a \u0111\u00f3n \u0111\u1ebfn Ph\u00f2ng tr\u01b0ng b\u00e0y Ngh\u1ec7 thu\u1eadt \u00c1o d\u00e0i Couture c\u1ee7a Anna Hanh Le.<\/li>\n<li>Qu\u00fd kh\u00e1ch c\u00f3 th\u1ec3 y\u00eau c\u1ea7u b\u1ea5t k\u1ef3 m\u00f3n \u0103n chay n\u00e0o trong th\u1eddi gian l\u01b0u tr\u00fa khi \u0111\u1eb7t v\u00e9.<\/li>\n<li>V\u00ec s\u1ef1 an to\u00e0n v\u00e0 tho\u1ea3i m\u00e1i c\u1ee7a qu\u00fd kh\u00e1ch, vui l\u00f2ng l\u00e0m theo h\u01b0\u1edbng d\u1eabn c\u1ee7a h\u01b0\u1edbng d\u1eabn vi\u00ean trong su\u1ed1t chuy\u1ebfn \u0111i.<\/li>\n<\/ul>\n<h3>Qu\u00e0 t\u1eb7ng \u0111\u1eb7c bi\u1ec7t:<\/h3>\n<p>M\u1ed7i v\u1ecb kh\u00e1ch danh d\u1ef1 trong tour \u0111\u1ed9c quy\u1ec1n n\u00e0y s\u1ebd nh\u1eadn \u0111\u01b0\u1ee3c m\u1ed9t chi\u1ebfc \u00e1o d\u00e0i l\u1ee5a sang tr\u1ecdng, \u0111\u01b0\u1ee3c may \u0111o ri\u00eang b\u1edfi Byfas \u2014 nh\u00e0 thi\u1ebft k\u1ebf v\u00e0 s\u1ea3n xu\u1ea5t l\u1ee5a h\u00e0ng \u0111\u1ea7u Vi\u1ec7t Nam. M\u00f3n qu\u00e0 l\u01b0u ni\u1ec7m tinh t\u1ebf n\u00e0y t\u00f4n vinh tay ngh\u1ec1 th\u1ee7 c\u00f4ng c\u1ee7a ng\u01b0\u1eddi Vi\u1ec7t Nam v\u00e0 b\u00e0y t\u1ecf l\u00f2ng bi\u1ebft \u01a1n c\u1ee7a ch\u00fang t\u00f4i \u0111\u1ed1i v\u1edbi s\u1ef1 tham gia c\u1ee7a qu\u00fd kh\u00e1ch.<\/p>\n","protected":false},"excerpt":{"rendered":"<p>Ch\u01b0\u01a1ng tr\u00ecnh tour: (Th\u1eddi l\u01b0\u1ee3ng: 4,5 gi\u1edd) 1. G\u1eb7p g\u1ee1 &amp; Ch\u1ee5p \u1ea3nh t\u1ea1i Nh\u00e0 h\u00e1t Th\u00e0nh ph\u1ed1 B\u1eaft \u0111\u1ea7u h\u00e0nh tr\u00ecnh c\u1ee7a b\u1ea1n t\u1ea1i Nh\u00e0 h\u00e1t Th\u00e0nh ph\u1ed1, c\u00f4ng tr\u00ecnh \u0111\u1eb9p \u0111\u1ebd t\u1eebng l\u00e0 vi\u00ean ng\u1ecdc ki\u1ebfn tr\u00fac th\u1eddi thu\u1ed9c \u0111\u1ecba Ph\u00e1p. Ch\u1ee5p nh\u1eefng b\u1ee9c \u1ea3nh lookbook tuy\u1ec7t \u0111\u1eb9p c\u00f9ng b\u1ea1n b\u00e8 tr\u00ean ph\u00f4ng [&hellip;]<\/p>\n","protected":false},"featured_media":11546,"comment_status":"open","ping_status":"closed","template":"","meta":{"_acf_changed":false,"rank_math_lock_modified_date":false},"product_cat":[56],"product_tag":[],"class_list":{"0":"post-11635","1":"product","2":"type-product","3":"status-publish","4":"has-post-thumbnail","6":"product_cat-chua-duoc-phan-loai-vi","8":"first","9":"instock","10":"sale","11":"shipping-taxable","12":"purchasable","13":"product-type-variable","14":"has-default-attributes"},"acf":[],"_links":{"self":[{"href":"https:\/\/aodai.byfas.com\/vi\/wp-json\/wp\/v2\/product\/11635","targetHints":{"allow":["GET"]}}],"collection":[{"href":"https:\/\/aodai.byfas.com\/vi\/wp-json\/wp\/v2\/product"}],"about":[{"href":"https:\/\/aodai.byfas.com\/vi\/wp-json\/wp\/v2\/types\/product"}],"replies":[{"embeddable":true,"href":"https:\/\/aodai.byfas.com\/vi\/wp-json\/wp\/v2\/comments?post=11635"}],"wp:featuredmedia":[{"embeddable":true,"href":"https:\/\/aodai.byfas.com\/vi\/wp-json\/wp\/v2\/media\/11546"}],"wp:attachment":[{"href":"https:\/\/aodai.byfas.com\/vi\/wp-json\/wp\/v2\/media?parent=11635"}],"wp:term":[{"taxonomy":"product_cat","embeddable":true,"href":"https:\/\/aodai.byfas.com\/vi\/wp-json\/wp\/v2\/product_cat?post=11635"},{"taxonomy":"product_tag","embeddable":true,"href":"https:\/\/aodai.byfas.com\/vi\/wp-json\/wp\/v2\/product_tag?post=11635"}],"curies":[{"name":"wp","href":"https:\/\/api.w.org\/{rel}","templated":true}]}}