{"id":11520,"date":"2025-04-02T09:43:50","date_gmt":"2025-04-02T09:43:50","guid":{"rendered":"https:\/\/aodai.byfas.com\/?post_type=product&#038;p=11520"},"modified":"2025-04-02T09:54:26","modified_gmt":"2025-04-02T09:54:26","slug":"tan-hon-doi-en-xuan","status":"publish","type":"product","link":"https:\/\/aodai.byfas.com\/vi\/wedding\/couple\/tan-hon-doi-en-xuan\/","title":{"rendered":"T\u00e2n H\u00f4n \u0110\u00f4i \u00c9n Xu\u00e2n"},"content":{"rendered":"<h3 class=\"\" data-start=\"138\" data-end=\"240\"><strong data-start=\"142\" data-end=\"240\">\u00c1o d\u00e0i \u201cT\u00c2N H\u00d4N \u0110\u00d4I \u00c9N XU\u00c2N\u201d c\u1ee7a NTK Anna H\u1ea1nh L\u00ea &#8211; Ph\u00f3 Ch\u1ee7 T\u1ecbch Hi\u1ec7p H\u1ed9i \u00c1o D\u00e0i Th\u00e0nh Ph\u1ed1 HCM<\/strong><\/h3>\n<p class=\"\" data-start=\"373\" data-end=\"734\">\u00c1o d\u00e0i <strong data-start=\"380\" data-end=\"405\">\u201cT\u00c2N H\u00d4N \u0110\u00d4I \u00c9N XU\u00c2N\u201d<\/strong> g\u1ed3m hai b\u1ed9 d\u00e0nh cho c\u00f4 d\u00e2u v\u00e0 ch\u00fa r\u1ec3; s\u1eed d\u1ee5ng tone m\u00e0u \u0111\u1ecf th\u1ea9m \u1ea5n t\u01b0\u1ee3ng tr\u00ean n\u1ec1n l\u1ee5a t\u01a1 t\u1eb1m truy\u1ec1n th\u1ed1ng cao c\u1ea5p. \u00c1o d\u00e0i c\u00f4 d\u00e2u theo phong c\u00e1ch truy\u1ec1n th\u1ed1ng g\u1ed3m \u00e1o d\u00e0i tay r\u00e1p l\u0103ng, c\u1ed5 cao v\u00e0 t\u00e0 A r\u1ed9ng. \u00c1o d\u00e0i ch\u00fa r\u1ec3 theo phong c\u00e1ch truy\u1ec1n th\u1ed1ng, c\u1eaft phom ng\u1ef1c r\u00e3 \u0111\u1eafp x\u00e9p t\u1ea1o phong c\u00e1ch kh\u00f4i ng\u00f4 sang tr\u1ecdng cho ch\u00fa r\u1ec3 ng\u00e0y c\u01b0\u1edbi.<\/p>\n<p class=\"\" data-start=\"736\" data-end=\"976\">\u1ea4n t\u01b0\u1ee3ng v\u1edbi m\u00e0u \u0111\u1ecf th\u1ea9m truy\u1ec1n th\u1ed1ng sang tr\u1ecdng v\u00e0 \u0111\u1ed9c \u0111\u00e1o v\u1edbi k\u1ef9 thu\u1eadt th\u00eau tay tinh x\u1ea3o v\u00e0 k\u1ef9 thu\u1eadt \u0111\u00ednh k\u1ebft cao c\u1ea5p tr\u00ean b\u1ea3ng v\u1ebd tay \u0111\u1ed9c quy\u1ec1n c\u1ee7a nh\u00e0 thi\u1ebft k\u1ebf h\u00ecnh \u0111\u1ed1i \u00e9n xu\u00e2n v\u1edbi ngh\u1ec7 thu\u1eadt ph\u1ed1i m\u00e0u tinh t\u1ebf \u0111\u1eb7c tr\u01b0ng c\u1ee7a Anna H\u1ea1nh L\u00ea.<\/p>\n<p class=\"\" data-start=\"978\" data-end=\"1090\">B\u1ed9 <strong data-start=\"981\" data-end=\"1011\">\u00c1o d\u00e0i T\u00e2n H\u00f4n \u0110\u00f4i \u00c9n Xu\u00e2n<\/strong> n\u00e0y ph\u00f9 h\u1ee3p v\u1edbi phong c\u00e1ch c\u01b0\u1edbi thanh l\u1ecbch, tr\u1ebb trung, sang tr\u1ecdng v\u00e0 hi\u1ec7n \u0111\u1ea1i.<\/p>\n","protected":false},"excerpt":{"rendered":"<p>\u00c1o d\u00e0i \u201cT\u00c2N H\u00d4N \u0110\u00d4I \u00c9N XU\u00c2N\u201d c\u1ee7a NTK Anna H\u1ea1nh L\u00ea &#8211; Ph\u00f3 Ch\u1ee7 T\u1ecbch Hi\u1ec7p H\u1ed9i \u00c1o D\u00e0i Th\u00e0nh Ph\u1ed1 HCM \u00c1o d\u00e0i \u201cT\u00c2N H\u00d4N \u0110\u00d4I \u00c9N XU\u00c2N\u201d g\u1ed3m hai b\u1ed9 d\u00e0nh cho c\u00f4 d\u00e2u v\u00e0 ch\u00fa r\u1ec3; s\u1eed d\u1ee5ng tone m\u00e0u \u0111\u1ecf th\u1ea9m \u1ea5n t\u01b0\u1ee3ng tr\u00ean n\u1ec1n l\u1ee5a t\u01a1 t\u1eb1m truy\u1ec1n th\u1ed1ng [&hellip;]<\/p>\n","protected":false},"featured_media":11519,"comment_status":"open","ping_status":"closed","template":"","meta":{"_acf_changed":false,"rank_math_lock_modified_date":false},"product_cat":[43,38],"product_tag":[],"class_list":{"0":"post-11520","1":"product","2":"type-product","3":"status-publish","4":"has-post-thumbnail","6":"product_cat-couple","7":"product_cat-wedding","9":"first","10":"instock","11":"shipping-taxable","12":"purchasable","13":"product-type-simple"},"acf":[],"_links":{"self":[{"href":"https:\/\/aodai.byfas.com\/vi\/wp-json\/wp\/v2\/product\/11520","targetHints":{"allow":["GET"]}}],"collection":[{"href":"https:\/\/aodai.byfas.com\/vi\/wp-json\/wp\/v2\/product"}],"about":[{"href":"https:\/\/aodai.byfas.com\/vi\/wp-json\/wp\/v2\/types\/product"}],"replies":[{"embeddable":true,"href":"https:\/\/aodai.byfas.com\/vi\/wp-json\/wp\/v2\/comments?post=11520"}],"wp:featuredmedia":[{"embeddable":true,"href":"https:\/\/aodai.byfas.com\/vi\/wp-json\/wp\/v2\/media\/11519"}],"wp:attachment":[{"href":"https:\/\/aodai.byfas.com\/vi\/wp-json\/wp\/v2\/media?parent=11520"}],"wp:term":[{"taxonomy":"product_cat","embeddable":true,"href":"https:\/\/aodai.byfas.com\/vi\/wp-json\/wp\/v2\/product_cat?post=11520"},{"taxonomy":"product_tag","embeddable":true,"href":"https:\/\/aodai.byfas.com\/vi\/wp-json\/wp\/v2\/product_tag?post=11520"}],"curies":[{"name":"wp","href":"https:\/\/api.w.org\/{rel}","templated":true}]}}