{"id":11423,"date":"2025-03-24T07:20:49","date_gmt":"2025-03-24T07:20:49","guid":{"rendered":"https:\/\/aodai.byfas.com\/?post_type=product&#038;p=11423"},"modified":"2025-04-02T09:12:15","modified_gmt":"2025-04-02T09:12:15","slug":"tan-hon-long-phung","status":"publish","type":"product","link":"https:\/\/aodai.byfas.com\/vi\/wedding\/couple\/tan-hon-long-phung\/","title":{"rendered":"T\u00e2n H\u00f4n Long Ph\u1ee5ng Vu Quy"},"content":{"rendered":"<p>\u00c1o d\u00e0i l\u1ec5 ph\u1ee5c t\u00e2n h\u00f4n g\u1ed3m hai 2 B\u1ed9 cho c\u00f4 d\u00e2u v\u00e0 ch\u00fa r\u1ec3 m\u1eb7c;<\/p>\n<p>\u00c1o d\u00e0i c\u00f4 d\u00e2u l\u00e0 ki\u1ec3u \u00e1o d\u00e0i truy\u1ec1n th\u1ed1ng tay r\u00e1p l\u0103ng xo\u00e8 r\u1ed9ng, c\u1ed5 cao t\u00e0 A r\u1ed9ng, s\u1eed d\u1ee5ng ch\u1ea5t Satin tr\u01b0\u1ee3t cho th\u00e2n \u00e1o v\u00e0 v\u1ea3i Organza satin trong su\u1ed1t cho tay \u00e1o t\u1ea1o n\u00e9t thanh m\u1ea3nh m\u1ec1m m\u1ea1i cho c\u00f4 d\u00e2u. Ho\u1ea1 ti\u1ebft ph\u1ee5ng \u1ea9n \u0111\u01b0\u1ee3c th\u00eau tinh x\u1ea3o tr\u00ean ph\u1ea7n th\u00e2n tr\u00ean c\u1ee7a \u00e1o l\u00e0 b\u1ea3n v\u1ebd tay \u0111\u1ed9c quy\u1ec1n c\u1ee7a nh\u00e0 thi\u1ebft k\u1ebf.<\/p>\n<p>\u00c1o d\u00e0i ch\u00fa r\u1ec3 l\u00e0 ki\u1ec3u \u00e1o d\u00e0i r\u00e3 h\u1ecf truy\u1ec1n th\u1ed1ng t\u1ea1o phong c\u00e1ch kh\u00f4i ng\u00f4 quy\u1ec1n l\u1ef1c s\u1eed d\u1ee5ng chi ch\u1ea5t l\u1ee5a tapta v\u00e0 l\u00f3t l\u1ee5a g\u1ea5m truy\u1ec1n th\u1ed1ng sang tr\u1ecdng, \u0111\u1eb7c bi\u1ec7t l\u00e0 ho\u1ea1 ti\u1ebft Long \u1ea9n \u0111\u01b0\u1ee3c th\u00eau tinh x\u1ea3o n\u1eb1m g\u1ecdn gi\u1eefa ph\u1ea7n th\u00e2n tr\u00ean c\u1ee7a \u00e1o l\u00e0 b\u1ea3n v\u1ebd tay \u0111\u1ed9c quy\u1ec1n c\u1ee7a nh\u00e0 thi\u1ebft k\u1ebf.<\/p>\n<p>\u1ea4n t\u01b0\u1ee3ng v\u1edbi m\u00e0u v\u00e0ng \u0111\u1ecf t\u01b0\u01a1i \u0111\u1ed3ng b\u1ed9 tr\u1ebb trungy\u00e0 sang tr\u1ecdng, t\u1ea1o n\u00e9t tinh kh\u00f4i cao qu\u00fd v\u00e0 m\u00e0u may m\u1eafn r\u1ef1c r\u1ee1 cho c\u00f4 d\u00e2u v\u00e0 ch\u00fa r\u1ec3 ph\u01b0ong ng\u00e0y t\u00e2n h\u00f4n vu quy tr\u1ecdng \u0111\u1ea1i.<\/p>\n<p>B\u1ed9 l\u1ec5 ph\u1ee5c \u00e1o d\u00e0i T\u00e2n H\u00f4n Long Ph\u1ee5ng Vu Quy s\u1eed n\u00e0y nh\u1ee7 h\u1ee3p v\u1edbi nh\u1eefng c\u1eadp \u0111\u1ed3i y\u00eau th\u00edch phong c\u00e1ch t\u00e2n c\u1ed5 \u0111i\u1ec3n v\u00e0 sang tr\u1ecdng th l\u1ecbch v\u00e0 kh\u00f4ng gian t\u1ed5 ch\u1ee9c l\u1ec5 t\u00e2n h\u00f4n \u0111\u1ea7u t\u01b0 phong c\u00e1ch sang tr\u1ecdng<\/p>\n","protected":false},"excerpt":{"rendered":"<p>\u00c1o d\u00e0i l\u1ec5 ph\u1ee5c t\u00e2n h\u00f4n g\u1ed3m hai 2 B\u1ed9 cho c\u00f4 d\u00e2u v\u00e0 ch\u00fa r\u1ec3 m\u1eb7c; \u00c1o d\u00e0i c\u00f4 d\u00e2u l\u00e0 ki\u1ec3u \u00e1o d\u00e0i truy\u1ec1n th\u1ed1ng tay r\u00e1p l\u0103ng xo\u00e8 r\u1ed9ng, c\u1ed5 cao t\u00e0 A r\u1ed9ng, s\u1eed d\u1ee5ng ch\u1ea5t Satin tr\u01b0\u1ee3t cho th\u00e2n \u00e1o v\u00e0 v\u1ea3i Organza satin trong su\u1ed1t cho tay \u00e1o t\u1ea1o [&hellip;]<\/p>\n","protected":false},"featured_media":11503,"comment_status":"open","ping_status":"closed","template":"","meta":{"_acf_changed":false,"rank_math_lock_modified_date":false},"product_cat":[43,38],"product_tag":[],"class_list":{"0":"post-11423","1":"product","2":"type-product","3":"status-publish","4":"has-post-thumbnail","6":"product_cat-couple","7":"product_cat-wedding","9":"first","10":"instock","11":"shipping-taxable","12":"purchasable","13":"product-type-simple"},"acf":[],"_links":{"self":[{"href":"https:\/\/aodai.byfas.com\/vi\/wp-json\/wp\/v2\/product\/11423","targetHints":{"allow":["GET"]}}],"collection":[{"href":"https:\/\/aodai.byfas.com\/vi\/wp-json\/wp\/v2\/product"}],"about":[{"href":"https:\/\/aodai.byfas.com\/vi\/wp-json\/wp\/v2\/types\/product"}],"replies":[{"embeddable":true,"href":"https:\/\/aodai.byfas.com\/vi\/wp-json\/wp\/v2\/comments?post=11423"}],"wp:featuredmedia":[{"embeddable":true,"href":"https:\/\/aodai.byfas.com\/vi\/wp-json\/wp\/v2\/media\/11503"}],"wp:attachment":[{"href":"https:\/\/aodai.byfas.com\/vi\/wp-json\/wp\/v2\/media?parent=11423"}],"wp:term":[{"taxonomy":"product_cat","embeddable":true,"href":"https:\/\/aodai.byfas.com\/vi\/wp-json\/wp\/v2\/product_cat?post=11423"},{"taxonomy":"product_tag","embeddable":true,"href":"https:\/\/aodai.byfas.com\/vi\/wp-json\/wp\/v2\/product_tag?post=11423"}],"curies":[{"name":"wp","href":"https:\/\/api.w.org\/{rel}","templated":true}]}}