{"id":11413,"date":"2025-03-21T06:34:07","date_gmt":"2025-03-21T06:34:07","guid":{"rendered":"https:\/\/aodai.byfas.com\/product\/look-2-5\/"},"modified":"2025-03-24T07:09:04","modified_gmt":"2025-03-24T07:09:04","slug":"look-2-5","status":"publish","type":"product","link":"https:\/\/aodai.byfas.com\/vi\/look-2-5\/","title":{"rendered":"Look 2"},"content":{"rendered":"<p>T\u1ea5t c\u1ea3 c\u00e1c s\u1ea3n ph\u1ea9m may m\u1eb7c c\u1ee7a ch\u00fang t\u00f4i \u0111\u1ec1u \u0111\u01b0\u1ee3c may theo \u0111\u01a1n \u0111\u1eb7t h\u00e0ng t\u1ea1i x\u01b0\u1edfng may c\u1ee7a ch\u00fang t\u00f4i, cho ph\u00e9p linh ho\u1ea1t v\u00e0 t\u00f9y ch\u1ec9nh tuy\u1ec7t v\u1eddi.<br \/>\nB\u1ea1n c\u00f3 th\u1ec3 \u0111\u1eb7t c\u00e2u h\u1ecfi v\u00e0 c\u00e1c chuy\u00ean gia t\u01b0 v\u1ea5n b\u00e1n h\u00e0ng c\u1ee7a ch\u00fang t\u00f4i s\u1ebd h\u01b0\u1edbng d\u1eabn b\u1ea1n trong su\u1ed1t qu\u00e1 tr\u00ecnh.<\/p>\n","protected":false},"excerpt":{"rendered":"<p>T\u1ea5t c\u1ea3 c\u00e1c s\u1ea3n ph\u1ea9m may m\u1eb7c c\u1ee7a ch\u00fang t\u00f4i \u0111\u1ec1u \u0111\u01b0\u1ee3c may theo \u0111\u01a1n \u0111\u1eb7t h\u00e0ng t\u1ea1i x\u01b0\u1edfng may c\u1ee7a ch\u00fang t\u00f4i, cho ph\u00e9p linh ho\u1ea1t v\u00e0 t\u00f9y ch\u1ec9nh tuy\u1ec7t v\u1eddi. B\u1ea1n c\u00f3 th\u1ec3 \u0111\u1eb7t c\u00e2u h\u1ecfi v\u00e0 c\u00e1c chuy\u00ean gia t\u01b0 v\u1ea5n b\u00e1n h\u00e0ng c\u1ee7a ch\u00fang t\u00f4i s\u1ebd h\u01b0\u1edbng d\u1eabn b\u1ea1n trong su\u1ed1t [&hellip;]<\/p>\n","protected":false},"featured_media":11402,"comment_status":"open","ping_status":"closed","template":"","meta":{"_acf_changed":false,"rank_math_lock_modified_date":false},"product_cat":[196],"product_tag":[],"class_list":{"0":"post-11413","1":"product","2":"type-product","3":"status-publish","4":"has-post-thumbnail","6":"product_cat-ao-dai-couture-nam","8":"first","9":"instock","10":"shipping-taxable","11":"purchasable","12":"product-type-simple"},"acf":[],"_links":{"self":[{"href":"https:\/\/aodai.byfas.com\/vi\/wp-json\/wp\/v2\/product\/11413","targetHints":{"allow":["GET"]}}],"collection":[{"href":"https:\/\/aodai.byfas.com\/vi\/wp-json\/wp\/v2\/product"}],"about":[{"href":"https:\/\/aodai.byfas.com\/vi\/wp-json\/wp\/v2\/types\/product"}],"replies":[{"embeddable":true,"href":"https:\/\/aodai.byfas.com\/vi\/wp-json\/wp\/v2\/comments?post=11413"}],"wp:featuredmedia":[{"embeddable":true,"href":"https:\/\/aodai.byfas.com\/vi\/wp-json\/wp\/v2\/media\/11402"}],"wp:attachment":[{"href":"https:\/\/aodai.byfas.com\/vi\/wp-json\/wp\/v2\/media?parent=11413"}],"wp:term":[{"taxonomy":"product_cat","embeddable":true,"href":"https:\/\/aodai.byfas.com\/vi\/wp-json\/wp\/v2\/product_cat?post=11413"},{"taxonomy":"product_tag","embeddable":true,"href":"https:\/\/aodai.byfas.com\/vi\/wp-json\/wp\/v2\/product_tag?post=11413"}],"curies":[{"name":"wp","href":"https:\/\/api.w.org\/{rel}","templated":true}]}}