{"id":11213,"date":"2025-03-20T07:34:04","date_gmt":"2025-03-20T07:34:04","guid":{"rendered":"https:\/\/aodai.byfas.com\/product\/turban-03\/"},"modified":"2025-08-28T05:08:40","modified_gmt":"2025-08-28T05:08:40","slug":"turban-03","status":"publish","type":"product","link":"https:\/\/aodai.byfas.com\/vi\/shop-online\/silk-scarves\/turban-03\/","title":{"rendered":"TURBAN 03"},"content":{"rendered":"<p>&#8211; Ch\u1ea5t li\u1ec7u: L\u1ee5a t\u1ed5ng h\u1ee3p<br \/>\n&#8211; M\u00e0u thi\u1ebft k\u1ebf: Xanh bi\u1ec3n, h\u1ecda ti\u1ebft in l\u00f4ng c\u00f4ng c\u00e1ch \u0111i\u1ec7u<br \/>\n&#8211; S\u1ea3n xu\u1ea5t t\u1ea1i: Byfas \u2013 Vi\u1ec7t Nam<\/p>\n","protected":false},"excerpt":{"rendered":"<p>&#8211; Ch\u1ea5t li\u1ec7u: L\u1ee5a t\u1ed5ng h\u1ee3p &#8211; M\u00e0u thi\u1ebft k\u1ebf: Xanh bi\u1ec3n, h\u1ecda ti\u1ebft in l\u00f4ng c\u00f4ng c\u00e1ch \u0111i\u1ec7u &#8211; S\u1ea3n xu\u1ea5t t\u1ea1i: Byfas \u2013 Vi\u1ec7t Nam<\/p>\n","protected":false},"featured_media":11194,"comment_status":"open","ping_status":"closed","template":"","meta":{"_acf_changed":false,"rank_math_lock_modified_date":false},"product_cat":[84],"product_tag":[],"class_list":{"0":"post-11213","1":"product","2":"type-product","3":"status-publish","4":"has-post-thumbnail","6":"product_cat-khan-lua","8":"first","9":"instock","10":"shipping-taxable","11":"purchasable","12":"product-type-simple"},"acf":[],"_links":{"self":[{"href":"https:\/\/aodai.byfas.com\/vi\/wp-json\/wp\/v2\/product\/11213","targetHints":{"allow":["GET"]}}],"collection":[{"href":"https:\/\/aodai.byfas.com\/vi\/wp-json\/wp\/v2\/product"}],"about":[{"href":"https:\/\/aodai.byfas.com\/vi\/wp-json\/wp\/v2\/types\/product"}],"replies":[{"embeddable":true,"href":"https:\/\/aodai.byfas.com\/vi\/wp-json\/wp\/v2\/comments?post=11213"}],"wp:featuredmedia":[{"embeddable":true,"href":"https:\/\/aodai.byfas.com\/vi\/wp-json\/wp\/v2\/media\/11194"}],"wp:attachment":[{"href":"https:\/\/aodai.byfas.com\/vi\/wp-json\/wp\/v2\/media?parent=11213"}],"wp:term":[{"taxonomy":"product_cat","embeddable":true,"href":"https:\/\/aodai.byfas.com\/vi\/wp-json\/wp\/v2\/product_cat?post=11213"},{"taxonomy":"product_tag","embeddable":true,"href":"https:\/\/aodai.byfas.com\/vi\/wp-json\/wp\/v2\/product_tag?post=11213"}],"curies":[{"name":"wp","href":"https:\/\/api.w.org\/{rel}","templated":true}]}}