{"id":11209,"date":"2025-03-20T07:26:56","date_gmt":"2025-03-20T07:26:56","guid":{"rendered":"https:\/\/aodai.byfas.com\/product\/silk-shawl-06\/"},"modified":"2025-08-28T05:07:23","modified_gmt":"2025-08-28T05:07:23","slug":"silk-shawl-06","status":"publish","type":"product","link":"https:\/\/aodai.byfas.com\/vi\/shop-online\/silk-scarves\/silk-shawl-06\/","title":{"rendered":"SILK SHAWL 06"},"content":{"rendered":"<p>&#8211; Ch\u1ea5t li\u1ec7u: L\u1ee5a Googette \u2013 100% t\u01a1 t\u1ef1 nhi\u00ean<br \/>\n&#8211; M\u00e0u thi\u1ebft k\u1ebf: \u0110\u1ecf v\u00e0 v\u00e0ng, h\u1ecda ti\u1ebft in hoa nhi\u1ec7t \u0111\u1edbi v\u00e0 l\u00f4ng v\u0169 c\u00e1ch \u0111i\u1ec7u<br \/>\n&#8211; S\u1ea3n xu\u1ea5t t\u1ea1i: Byfas \u2013 Vi\u1ec7t Nam<\/p>\n","protected":false},"excerpt":{"rendered":"<p>&#8211; Ch\u1ea5t li\u1ec7u: L\u1ee5a Googette \u2013 100% t\u01a1 t\u1ef1 nhi\u00ean &#8211; M\u00e0u thi\u1ebft k\u1ebf: \u0110\u1ecf v\u00e0 v\u00e0ng, h\u1ecda ti\u1ebft in hoa nhi\u1ec7t \u0111\u1edbi v\u00e0 l\u00f4ng v\u0169 c\u00e1ch \u0111i\u1ec7u &#8211; S\u1ea3n xu\u1ea5t t\u1ea1i: Byfas \u2013 Vi\u1ec7t Nam<\/p>\n","protected":false},"featured_media":11184,"comment_status":"open","ping_status":"closed","template":"","meta":{"_acf_changed":false,"rank_math_lock_modified_date":false},"product_cat":[84],"product_tag":[],"class_list":{"0":"post-11209","1":"product","2":"type-product","3":"status-publish","4":"has-post-thumbnail","6":"product_cat-khan-lua","8":"first","9":"instock","10":"shipping-taxable","11":"purchasable","12":"product-type-simple"},"acf":[],"_links":{"self":[{"href":"https:\/\/aodai.byfas.com\/vi\/wp-json\/wp\/v2\/product\/11209","targetHints":{"allow":["GET"]}}],"collection":[{"href":"https:\/\/aodai.byfas.com\/vi\/wp-json\/wp\/v2\/product"}],"about":[{"href":"https:\/\/aodai.byfas.com\/vi\/wp-json\/wp\/v2\/types\/product"}],"replies":[{"embeddable":true,"href":"https:\/\/aodai.byfas.com\/vi\/wp-json\/wp\/v2\/comments?post=11209"}],"wp:featuredmedia":[{"embeddable":true,"href":"https:\/\/aodai.byfas.com\/vi\/wp-json\/wp\/v2\/media\/11184"}],"wp:attachment":[{"href":"https:\/\/aodai.byfas.com\/vi\/wp-json\/wp\/v2\/media?parent=11209"}],"wp:term":[{"taxonomy":"product_cat","embeddable":true,"href":"https:\/\/aodai.byfas.com\/vi\/wp-json\/wp\/v2\/product_cat?post=11209"},{"taxonomy":"product_tag","embeddable":true,"href":"https:\/\/aodai.byfas.com\/vi\/wp-json\/wp\/v2\/product_tag?post=11209"}],"curies":[{"name":"wp","href":"https:\/\/api.w.org\/{rel}","templated":true}]}}