{"id":11202,"date":"2025-03-20T07:10:27","date_gmt":"2025-03-20T07:10:27","guid":{"rendered":"https:\/\/aodai.byfas.com\/product\/silk-shawl-01\/"},"modified":"2025-08-28T05:07:18","modified_gmt":"2025-08-28T05:07:18","slug":"silk-shawl-01","status":"publish","type":"product","link":"https:\/\/aodai.byfas.com\/vi\/shop-online\/silk-scarves\/silk-shawl-01\/","title":{"rendered":"SILK SHAWL 01"},"content":{"rendered":"<p>&#8211; Ch\u1ea5t li\u1ec7u: L\u1ee5a Googette \u2013 100% T\u01a1 t\u1ef1 nhi\u00ean<br \/>\n&#8211; M\u00e0u thi\u1ebft k\u1ebf: M\u00e0u xanh v\u00e0 aqua v\u1edbi h\u1ecda ti\u1ebft hoa nhi\u1ec7t \u0111\u1edbi v\u00e0 l\u00f4ng l\u00f4ng v\u0169 c\u00e1ch \u0111i\u1ec7u<br \/>\n&#8211; Xu\u1ea5t x\u1ee9: Byfas \u2013 Vi\u1ec7t Nam<\/p>\n","protected":false},"excerpt":{"rendered":"<p>&#8211; Ch\u1ea5t li\u1ec7u: L\u1ee5a Googette \u2013 100% T\u01a1 t\u1ef1 nhi\u00ean &#8211; M\u00e0u thi\u1ebft k\u1ebf: M\u00e0u xanh v\u00e0 aqua v\u1edbi h\u1ecda ti\u1ebft hoa nhi\u1ec7t \u0111\u1edbi v\u00e0 l\u00f4ng l\u00f4ng v\u0169 c\u00e1ch \u0111i\u1ec7u &#8211; Xu\u1ea5t x\u1ee9: Byfas \u2013 Vi\u1ec7t Nam<\/p>\n","protected":false},"featured_media":11141,"comment_status":"open","ping_status":"closed","template":"","meta":{"_acf_changed":false,"rank_math_lock_modified_date":false},"product_cat":[84],"product_tag":[],"class_list":{"0":"post-11202","1":"product","2":"type-product","3":"status-publish","4":"has-post-thumbnail","6":"product_cat-khan-lua","8":"first","9":"instock","10":"shipping-taxable","11":"purchasable","12":"product-type-simple"},"acf":[],"_links":{"self":[{"href":"https:\/\/aodai.byfas.com\/vi\/wp-json\/wp\/v2\/product\/11202","targetHints":{"allow":["GET"]}}],"collection":[{"href":"https:\/\/aodai.byfas.com\/vi\/wp-json\/wp\/v2\/product"}],"about":[{"href":"https:\/\/aodai.byfas.com\/vi\/wp-json\/wp\/v2\/types\/product"}],"replies":[{"embeddable":true,"href":"https:\/\/aodai.byfas.com\/vi\/wp-json\/wp\/v2\/comments?post=11202"}],"wp:featuredmedia":[{"embeddable":true,"href":"https:\/\/aodai.byfas.com\/vi\/wp-json\/wp\/v2\/media\/11141"}],"wp:attachment":[{"href":"https:\/\/aodai.byfas.com\/vi\/wp-json\/wp\/v2\/media?parent=11202"}],"wp:term":[{"taxonomy":"product_cat","embeddable":true,"href":"https:\/\/aodai.byfas.com\/vi\/wp-json\/wp\/v2\/product_cat?post=11202"},{"taxonomy":"product_tag","embeddable":true,"href":"https:\/\/aodai.byfas.com\/vi\/wp-json\/wp\/v2\/product_tag?post=11202"}],"curies":[{"name":"wp","href":"https:\/\/api.w.org\/{rel}","templated":true}]}}