{"id":9604,"date":"2025-03-13T03:49:15","date_gmt":"2025-03-13T03:49:15","guid":{"rendered":"https:\/\/aodai.byfas.com\/ready-to-wear\/family-set-ao-dai\/"},"modified":"2025-03-13T03:49:50","modified_gmt":"2025-03-13T03:49:50","slug":"family-set-ao-dai","status":"publish","type":"page","link":"https:\/\/aodai.byfas.com\/vi\/ready-to-wear\/family-set-ao-dai\/","title":{"rendered":"B\u1ed8 \u00c1O D\u00c0I GIA \u0110\u00ccNH"},"content":{"rendered":"","protected":false},"excerpt":{"rendered":"","protected":false},"author":1,"featured_media":0,"parent":9595,"menu_order":0,"comment_status":"closed","ping_status":"closed","template":"page-no-content.php","meta":{"_acf_changed":false,"rank_math_lock_modified_date":false,"footnotes":""},"class_list":["post-9604","page","type-page","status-publish","hentry"],"acf":[],"_links":{"self":[{"href":"https:\/\/aodai.byfas.com\/vi\/wp-json\/wp\/v2\/pages\/9604","targetHints":{"allow":["GET"]}}],"collection":[{"href":"https:\/\/aodai.byfas.com\/vi\/wp-json\/wp\/v2\/pages"}],"about":[{"href":"https:\/\/aodai.byfas.com\/vi\/wp-json\/wp\/v2\/types\/page"}],"author":[{"embeddable":true,"href":"https:\/\/aodai.byfas.com\/vi\/wp-json\/wp\/v2\/users\/1"}],"replies":[{"embeddable":true,"href":"https:\/\/aodai.byfas.com\/vi\/wp-json\/wp\/v2\/comments?post=9604"}],"version-history":[{"count":1,"href":"https:\/\/aodai.byfas.com\/vi\/wp-json\/wp\/v2\/pages\/9604\/revisions"}],"predecessor-version":[{"id":9605,"href":"https:\/\/aodai.byfas.com\/vi\/wp-json\/wp\/v2\/pages\/9604\/revisions\/9605"}],"up":[{"embeddable":true,"href":"https:\/\/aodai.byfas.com\/vi\/wp-json\/wp\/v2\/pages\/9595"}],"wp:attachment":[{"href":"https:\/\/aodai.byfas.com\/vi\/wp-json\/wp\/v2\/media?parent=9604"}],"curies":[{"name":"wp","href":"https:\/\/api.w.org\/{rel}","templated":true}]}}