{"id":608,"date":"2024-11-07T02:46:07","date_gmt":"2024-11-07T02:46:07","guid":{"rendered":"https:\/\/aodai.byfas.com\/help-center\/"},"modified":"2024-12-02T07:16:58","modified_gmt":"2024-12-02T07:16:58","slug":"help-center","status":"publish","type":"page","link":"https:\/\/aodai.byfas.com\/vi\/help-center\/","title":{"rendered":"Trung T\u00e2m H\u1ed7 Tr\u1ee3"},"content":{"rendered":"<p><strong>T\u00d4I C\u00d3 C\u1ea6N T\u00c0I KHO\u1ea2N TR\u1ef0C TUY\u1ebeN \u0110\u1ec2 \u0110\u1eb6T H\u00c0NG KH\u00d4NG?<\/strong><\/p>\n<p style=\"text-align: justify;\">Kh\u00f4ng, b\u1ea1n kh\u00f4ng c\u1ea7n t\u00e0i kho\u1ea3n \u0111\u1ec3 mua s\u1eafm tr\u1ef1c tuy\u1ebfn v\u1edbi ch\u00fang t\u00f4i v\u00e0 b\u1ea1n c\u00f3 th\u1ec3 thanh to\u00e1n v\u1edbi t\u01b0 c\u00e1ch l\u00e0 kh\u00e1ch tr\u00ean trang web c\u1ee7a ch\u00fang t\u00f4i. Tuy nhi\u00ean, ch\u00fang t\u00f4i khuy\u00ean b\u1ea1n n\u00ean \u0111\u0103ng k\u00fd t\u00e0i kho\u1ea3n tr\u1ef1c tuy\u1ebfn \u0111\u1ec3 b\u1ea1n c\u00f3 th\u1ec3 theo d\u00f5i l\u1ecbch s\u1eed \u0111\u01a1n h\u00e0ng tr\u1ef1c tuy\u1ebfn c\u1ee7a m\u00ecnh v\u00e0 t\u1eadn h\u01b0\u1edfng \u0111\u1ea7y \u0111\u1ee7 c\u00e1c l\u1ee3i \u00edch c\u1ee7a ch\u01b0\u01a1ng tr\u00ecnh Kh\u00e1ch h\u00e0ng th\u00e2n thi\u1ebft c\u1ee7a ch\u00fang t\u00f4i.<\/p>\n<p><strong>\u0110I\u1ec0U G\u00cc S\u1ebc X\u1ea2Y RA SAU KHI T\u00d4I \u0110\u1eb6T H\u00c0NG?<\/strong><\/p>\n<p>Ch\u00fang t\u00f4i s\u1ebd g\u1eedi email cho b\u1ea1n \u0111\u1ec3 x\u00e1c nh\u1eadn r\u1eb1ng ch\u00fang t\u00f4i \u0111\u00e3 nh\u1eadn \u0111\u01b0\u1ee3c \u0111\u01a1n h\u00e0ng c\u1ee7a b\u1ea1n v\u00e0 gi\u1eef l\u1ea1i ti\u1ec1n. Xin l\u01b0u \u00fd, \u0111i\u1ec1u n\u00e0y kh\u00f4ng c\u00f3 ngh\u0129a l\u00e0 \u0111\u01a1n h\u00e0ng c\u1ee7a b\u1ea1n \u0111\u00e3 \u0111\u01b0\u1ee3c x\u00e1c nh\u1eadn. Ch\u00fang t\u00f4i ch\u1ec9 x\u00e1c nh\u1eadn \u0111\u01a1n h\u00e0ng sau khi \u0111\u01a1n h\u00e0ng \u0111\u01b0\u1ee3c ch\u1ecdn v\u00e0 v\u1eadn chuy\u1ec3n; \u0111\u00e2y l\u00e0 l\u00fac ch\u00fang t\u00f4i nh\u1eadn thanh to\u00e1n v\u00e0 g\u1eedi cho b\u1ea1n th\u00f4ng tin theo d\u00f5i v\u00e0 giao h\u00e0ng qua email.<\/p>\n<p>N\u1ebfu ch\u00fang t\u00f4i kh\u00f4ng th\u1ec3 ho\u00e0n th\u00e0nh b\u1ea5t k\u1ef3 ph\u1ea7n n\u00e0o trong \u0111\u01a1n h\u00e0ng c\u1ee7a b\u1ea1n, ch\u00fang t\u00f4i s\u1ebd gi\u1ea3i ph\u00f3ng s\u1ed1 ti\u1ec1n \u0111ang ch\u1edd x\u1eed l\u00fd cho c\u00e1c m\u1eb7t h\u00e0ng m\u00e0 ch\u00fang t\u00f4i ch\u01b0a v\u1eadn chuy\u1ec3n.<\/p>\n<p>N\u1ebfu b\u1ea1n ch\u01b0a nh\u1eadn \u0111\u01b0\u1ee3c email sau khi \u0111\u1eb7t h\u00e0ng, vui l\u00f2ng li\u00ean h\u1ec7 v\u1edbi D\u1ecbch v\u1ee5 kh\u00e1ch h\u00e0ng: service@byfas.com ho\u1eb7c \u0111\u01b0\u1eddng d\u00e2y n\u00f3ng: +84.905 83 6118.<\/p>\n<p><strong>TR\u1ea0NG TH\u00c1I \u0110\u01a0N H\u00c0NG C\u00d3 NGH\u0128A L\u00c0 G\u00cc TR\u00caN T\u00c0I KHO\u1ea2N TR\u1ef0C TUY\u1ebeN C\u1ee6A T\u00d4I?<\/strong><\/p>\n<p>Sau khi b\u1ea1n \u0111\u00e3 \u0111\u1eb7t h\u00e0ng tr\u1ef1c tuy\u1ebfn, tr\u1ea1ng th\u00e1i \u0111\u01a1n h\u00e0ng c\u1ee7a b\u1ea1n s\u1ebd hi\u1ec3n th\u1ecb trong ph\u1ea7n &#8216;L\u1ecbch s\u1eed \u0111\u01a1n h\u00e0ng tr\u1ef1c tuy\u1ebfn&#8217; tr\u00ean trang ch\u1ee7 t\u00e0i kho\u1ea3n c\u1ee7a b\u1ea1n.<\/p>\n<ul>\n<li style=\"list-style-type: none;\">\n<ul>\n<li>Tr\u1ea1ng th\u00e1i \u0111\u01a1n h\u00e0ng: M\u1edbi = ch\u00fang t\u00f4i \u0111\u00e3 nh\u1eadn \u0111\u01b0\u1ee3c \u0111\u01a1n h\u00e0ng tr\u1ef1c tuy\u1ebfn c\u1ee7a b\u1ea1n<\/li>\n<li>Tr\u1ea1ng th\u00e1i \u0111\u01a1n h\u00e0ng: M\u1edf = ch\u00fang t\u00f4i \u0111ang x\u1eed l\u00fd \u0111\u01a1n h\u00e0ng c\u1ee7a b\u1ea1n v\u00e0 ch\u1ecdn h\u00e0ng c\u1ee7a b\u1ea1n<\/li>\n<li>Tr\u1ea1ng th\u00e1i \u0111\u01a1n h\u00e0ng: \u0110\u00e3 h\u1ee7y &#8211; ch\u00fang t\u00f4i kh\u00f4ng th\u1ec3 ho\u00e0n t\u1ea5t \u0111\u01a1n h\u00e0ng c\u1ee7a b\u1ea1n. \u0110i\u1ec1u n\u00e0y c\u00f3 th\u1ec3 l\u00e0 do h\u00e0ng t\u1ed3n kho kh\u00f4ng nh\u1ea5t qu\u00e1n ho\u1eb7c l\u1ed7i h\u1ec7 th\u1ed1ng. Ch\u00fang t\u00f4i s\u1ebd c\u1ed1 g\u1eafng g\u1eedi email cho b\u1ea1n khi \u0111i\u1ec1u n\u00e0y x\u1ea3y ra. N\u1ebfu b\u1ea1n ch\u01b0a nh\u1eadn \u0111\u01b0\u1ee3c email ho\u1eb7c mu\u1ed1n bi\u1ebft th\u00eam th\u00f4ng tin v\u1ec1 l\u00fd do \u0111\u01a1n h\u00e0ng c\u1ee7a b\u1ea1n b\u1ecb h\u1ee7y, vui l\u00f2ng li\u00ean h\u1ec7 v\u1edbi D\u1ecbch v\u1ee5 kh\u00e1ch h\u00e0ng.<\/li>\n<li>Tr\u1ea1ng th\u00e1i \u0111\u01a1n h\u00e0ng: \u0110\u00e3 ho\u00e0n t\u1ea5t &#8211; ch\u00fang t\u00f4i \u0111\u00e3 ch\u1ecdn h\u00e0ng th\u00e0nh c\u00f4ng v\u00e0 g\u1eedi \u0111\u01a1n h\u00e0ng c\u1ee7a b\u1ea1n. B\u1ea1n s\u1ebd nh\u1eadn \u0111\u01b0\u1ee3c email x\u00e1c nh\u1eadn \u0111\u01a1n h\u00e0ng c\u1ee7a m\u00ecnh, sau \u0111\u00f3 l\u00e0 email t\u1eeb \u0111\u1ed1i t\u00e1c chuy\u1ec3n ph\u00e1t nhanh c\u1ee7a ch\u00fang t\u00f4i c\u00f3 th\u00f4ng tin chi ti\u1ebft v\u1ec1 vi\u1ec7c theo d\u00f5i.<\/li>\n<\/ul>\n<\/li>\n<\/ul>\n<p><strong>L\u00c0M TH\u1ebe N\u00c0O \u0110\u1ec2 TH\u00caM TIN NH\u1eaeN QU\u00c0 T\u1eb6NG V\u00c0O \u0110\u01a0N H\u00c0NG C\u1ee6A T\u00d4I?<\/strong><\/p>\n<p>\u0110\u1ec3 th\u00eam tin nh\u1eafn qu\u00e0 t\u1eb7ng v\u00e0o \u0111\u01a1n h\u00e0ng tr\u1ef1c tuy\u1ebfn c\u1ee7a b\u1ea1n, h\u00e3y ch\u1ecdn t\u00f9y ch\u1ecdn &#8216;Th\u00eam tin nh\u1eafn qu\u00e0 t\u1eb7ng v\u00e0o \u0111\u01a1n h\u00e0ng c\u1ee7a b\u1ea1n&#8217; trong qu\u00e1 tr\u00ecnh thanh to\u00e1n.<\/p>\n<p>N\u1ebfu b\u1ea1n \u0111\u00e3 ch\u1ecdn th\u00eam tin nh\u1eafn qu\u00e0 t\u1eb7ng \u0111\u01b0\u1ee3c c\u00e1 nh\u00e2n h\u00f3a, tin nh\u1eafn n\u00e0y s\u1ebd \u0111\u01b0\u1ee3c in tr\u00ean thi\u1ec7p ghi ch\u00fa c\u1ee7a Byfas v\u00e0 \u0111\u01b0\u1ee3c \u0111\u00ednh k\u00e8m v\u1edbi \u0111\u01a1n h\u00e0ng c\u1ee7a b\u1ea1n. Gi\u00e1 kh\u00f4ng \u0111\u01b0\u1ee3c bao g\u1ed3m trong ghi ch\u00fa g\u1eedi \u0111\u01a1n h\u00e0ng.<\/p>\n<p><strong>B\u1ea0N C\u00d3 G\u00d3I QU\u00c0 T\u1eb6NG CHO C\u00c1C \u0110\u01a0N H\u00c0NG TR\u1ef0C TUY\u1ebeN KH\u00d4NG?<\/strong><\/p>\n<p>Ch\u00fang t\u00f4i \u0111\u00e3 \u0111\u01a1n gi\u1ea3n h\u00f3a bao b\u00ec, cung c\u1ea5p cho b\u1ea1n t\u00f9y ch\u1ecdn ph\u00f9 h\u1ee3p cho vi\u1ec7c giao h\u00e0ng tr\u1ef1c tuy\u1ebfn. Do \u0111\u00f3, ch\u00fang t\u00f4i kh\u00f4ng cung c\u1ea5p t\u00f9y ch\u1ecdn g\u00f3i qu\u00e0.<\/p>\n<p><strong>T\u00d4I C\u00d3 TH\u1ec2 LI\u00caN H\u1ec6 V\u1edaI B\u1ed8 PH\u1eacN D\u1ecaCH V\u1ee4 KH\u00c1CH H\u00c0NG NH\u01af TH\u1ebe N\u00c0O?<\/strong><\/p>\n<p>B\u1ed9 ph\u1eadn D\u1ecbch v\u1ee5 Kh\u00e1ch h\u00e0ng l\u00e0m vi\u1ec7c t\u1eeb Th\u1ee9 Hai \u0111\u1ebfn Th\u1ee9 B\u1ea3y, 10 gi\u1edd s\u00e1ng \u0111\u1ebfn 8 gi\u1edd t\u1ed1i v\u00e0 Ch\u1ee7 Nh\u1eadt, 12 gi\u1edd tr\u01b0a \u0111\u1ebfn 6 gi\u1edd chi\u1ec1u.<\/p>\n<p>G\u1eedi email cho ch\u00fang t\u00f4i b\u1eb1ng c\u00e1ch nh\u1ea5p v\u00e0o \u0111\u00e2y<\/p>\n<ul>\n<li style=\"list-style-type: none;\">\n<ul>\n<li>WhatsApp: +84 905 83 6118 ho\u1eb7c cu\u1ed9n xu\u1ed1ng cu\u1ed1i trang v\u00e0 nh\u1ea5p v\u00e0o bi\u1ec3u t\u01b0\u1ee3ng m\u00e0u xanh l\u00e1 c\u00e2y<\/li>\n<li>\u0110i\u1ec7n tho\u1ea1i: +84 905 83 6118<\/li>\n<li>G\u1eedi: B\u1ed9 ph\u1eadn D\u1ecbch v\u1ee5 Kh\u00e1ch h\u00e0ng, Byfas, 40E Ng\u00f4 \u0110\u1ee9c K\u1ebf, Qu\u1eadn 1, Th\u00e0nh ph\u1ed1 H\u1ed3 Ch\u00ed Minh, Vi\u1ec7t Nam, 700000<\/li>\n<\/ul>\n<\/li>\n<\/ul>\n<p>Nh\u00f3m D\u1ecbch v\u1ee5 Kh\u00e1ch h\u00e0ng t\u1ea1i c\u1eeda h\u00e0ng c\u1ee7a ch\u00fang t\u00f4i l\u00e0m vi\u1ec7c t\u1ea1i t\u1ea7ng 3 v\u00e0 s\u1eb5n s\u00e0ng h\u1ed7 tr\u1ee3 c\u00e1c y\u00eau c\u1ea7u chung, tr\u1ea3 h\u00e0ng, th\u1ea5t l\u1ea1c \u0111\u1ed3 \u0111\u1ea1c v\u00e0 \u0111\u01a1n h\u00e0ng nh\u1ea5p &amp; nh\u1eadn h\u00e0ng.<\/p>\n<p><strong>T\u00d4I C\u00d3 TH\u1ec2 LI\u00caN H\u1ec6 V\u1edaI C\u00c1C NH\u00d3M TR\u1ee4 S\u1ede CH\u00cdNH C\u1ee6A B\u1ea0N NH\u01af TH\u1ebe N\u00c0O?<\/strong><\/p>\n<p>\u0110\u1ec3 li\u00ean h\u1ec7 v\u1edbi c\u00e1c nh\u00f3m Tr\u1ee5 s\u1edf ch\u00ednh c\u1ee7a ch\u00fang t\u00f4i nh\u01b0 Mua h\u00e0ng, Ti\u1ebfp th\u1ecb, B\u00e1o ch\u00ed v\u00e0 C\u01a1 s\u1edf v\u1eadt ch\u1ea5t, vui l\u00f2ng g\u1eedi email \u0111\u1ebfn info@byfas.com. Ch\u1ecdn ph\u00f2ng ban c\u00f3 li\u00ean quan t\u1eeb danh s\u00e1ch th\u1ea3 xu\u1ed1ng v\u00e0 g\u1eedi bi\u1ec3u m\u1eabu y\u00eau c\u1ea7u c\u1ee7a b\u1ea1n. B\u1ea1n c\u00f3 th\u1ec3 mu\u1ed1n bao g\u1ed3m li\u00ean k\u1ebft \u0111\u1ebfn trang web c\u1ee7a m\u00ecnh.<\/p>\n<p>Ch\u00fang t\u00f4i th\u01b0\u1eddng nh\u1eadn \u0111\u01b0\u1ee3c y\u00eau c\u1ea7u t\u1eeb c\u00e1c \u0111\u1ed1i t\u00e1c ti\u1ec1m n\u0103ng, do \u0111\u00f3 ch\u00fang t\u00f4i s\u1ebd ch\u1ec9 li\u00ean h\u1ec7 v\u1edbi b\u1ea1n n\u1ebfu b\u1ea1n quan t\u00e2m \u0111\u1ebfn vi\u1ec7c th\u1ea3o lu\u1eadn th\u00eam v\u1ec1 c\u01a1 h\u1ed9i n\u00e0y. Vui l\u00f2ng kh\u00f4ng g\u1eedi m\u1eabu \u0111\u1ebfn \u0111\u1ecba ch\u1ec9 b\u01b0u ch\u00ednh c\u1ee7a ch\u00fang t\u00f4i.<\/p>\n<p>Xin l\u01b0u \u00fd, ch\u00fang t\u00f4i kh\u00f4ng th\u1ec3 chia s\u1ebb th\u00f4ng tin li\u00ean h\u1ec7 c\u1ee7a c\u00e1c \u0111\u1ed3ng nghi\u1ec7p t\u1ea1i Tr\u1ee5 s\u1edf ch\u00ednh.<\/p>\n<p><strong>T\u00d4I C\u00d3 TH\u1ec2 LI\u00caN H\u1ec6 V\u1edaI PH\u00d2NG NH\u00c2N S\u1ef0 V\u00c0 TUY\u1ec2N D\u1ee4NG NH\u01af TH\u1ebe N\u00c0O?<\/strong><\/p>\n<p>N\u1ebfu b\u1ea1n mu\u1ed1n li\u00ean h\u1ec7 v\u1edbi nh\u00f3m Nh\u00e2n s\u1ef1 ho\u1eb7c Tuy\u1ec3n d\u1ee5ng c\u1ee7a ch\u00fang t\u00f4i, vui l\u00f2ng g\u1eedi email c\u1ee7a b\u1ea1n \u0111\u1ebfn hr@byfas.com \u0111\u1ec3 g\u1eedi bi\u1ec3u m\u1eabu y\u00eau c\u1ea7u.<\/p>\n<p>\u0110\u1ed1i v\u1edbi th\u00f4ng tin tham kh\u1ea3o c\u1ee7a nh\u00e2n vi\u00ean, ch\u00fang t\u00f4i c\u1ed1 g\u1eafng ph\u1ea3n h\u1ed3i trong v\u00f2ng ba ng\u00e0y l\u00e0m vi\u1ec7c k\u1ec3 t\u1eeb khi nh\u1eadn \u0111\u01b0\u1ee3c y\u00eau c\u1ea7u.<\/p>\n<p>Xin l\u01b0u \u00fd, ch\u00fang t\u00f4i kh\u00f4ng th\u1ec3 chia s\u1ebb th\u00f4ng tin li\u00ean l\u1ea1c c\u1ee7a c\u00e1c \u0111\u1ed3ng nghi\u1ec7p t\u1ea1i tr\u1ee5 s\u1edf ch\u00ednh.<\/p>\n<table style=\"border-collapse: collapse; width: 100%; border: 1px solid black;\">\n<tbody>\n<tr>\n<td style=\"width: 100%; padding: 10px; border: 1px solid black;\"><strong>S\u1eecA \u0110\u1ed4I \u0110\u01a0N H\u00c0NG<\/strong><\/td>\n<\/tr>\n<tr>\n<td style=\"width: 100%; padding: 10px; border: 1px solid black;\"><strong>T\u00d4I C\u00d3 TH\u1ec2 TH\u00caM M\u1eb6T H\u00c0NG V\u00c0O \u0110\u01a0N H\u00c0NG HI\u1ec6N C\u00d3 KH\u00d4NG?<\/strong><br \/>\nCh\u00fang t\u00f4i kh\u00f4ng th\u1ec3 k\u1ebft h\u1ee3p c\u00e1c \u0111\u01a1n h\u00e0ng ho\u1eb7c th\u00eam m\u1eb7t h\u00e0ng v\u00e0o \u0111\u01a1n h\u00e0ng tr\u1ef1c tuy\u1ebfn hi\u1ec7n c\u00f3.<br \/>\nN\u1ebfu b\u1ea1n mu\u1ed1n mua th\u00eam m\u1eb7t h\u00e0ng v\u00e0 giao ch\u00fang c\u00f9ng v\u1edbi \u0111\u01a1n h\u00e0ng hi\u1ec7n c\u00f3, b\u1ea1n s\u1ebd c\u1ea7n h\u1ee7y \u0111\u01a1n h\u00e0ng hi\u1ec7n t\u1ea1i v\u00e0 \u0111\u1eb7t \u0111\u01a1n h\u00e0ng m\u1edbi bao g\u1ed3m c\u00e1c m\u1eb7t h\u00e0ng b\u1ed5 sung.<\/td>\n<\/tr>\n<tr>\n<td style=\"width: 100%; padding: 10px; border: 1px solid black;\"><strong>T\u00d4I C\u00d3 TH\u1ec2 H\u1ee6Y \u0110\u01a0N H\u00c0NG C\u1ee6A M\u00ccNH KH\u00d4NG?<\/strong><br \/>\nN\u1ebfu b\u1ea1n mu\u1ed1n h\u1ee7y \u0111\u01a1n h\u00e0ng, vui l\u00f2ng li\u00ean h\u1ec7 v\u1edbi D\u1ecbch v\u1ee5 kh\u00e1ch h\u00e0ng c\u00e0ng s\u1edbm c\u00e0ng t\u1ed1t v\u00e0 cung c\u1ea5p \u0111\u1ecba ch\u1ec9 email v\u00e0 s\u1ed1 \u0111\u01a1n h\u00e0ng c\u1ee7a b\u1ea1n. Nh\u01b0ng xin l\u01b0u \u00fd r\u1eb1ng tr\u01b0\u1eddng h\u1ee3p n\u00e0y ch\u1ec9 \u0111\u01b0\u1ee3c ch\u1ea5p nh\u1eadn trong v\u00f2ng 7 ng\u00e0y. N\u1ebfu b\u1ea1n y\u00eau c\u1ea7u h\u1ee7y sau 7 ng\u00e0y, b\u1ea1n s\u1ebd b\u1ecb t\u00ednh ph\u00ed 30% gi\u00e1 tr\u1ecb \u0111\u01a1n h\u00e0ng \u0111\u1ec3 b\u00f9 \u0111\u1eafp cho chi ph\u00ed v\u1eadn h\u00e0nh d\u1ecbch v\u1ee5 c\u1ee7a ch\u00fang t\u00f4i.<\/td>\n<\/tr>\n<tr>\n<td style=\"width: 100%; padding: 10px; border: 1px solid black;\"><strong>T\u00d4I QU\u00caN TH\u00caM TIN NH\u1eaeN QU\u00c0 T\u1eb6NG V\u00c0O \u0110\u01a0N H\u00c0NG C\u1ee6A M\u00ccNH, T\u00d4I C\u00d3 TH\u1ec2 THAY \u0110\u1ed4I \u0110\u01af\u1ee2C KH\u00d4NG?<\/strong><br \/>\nN\u1ebfu \u0111\u01a1n h\u00e0ng c\u1ee7a b\u1ea1n ch\u01b0a \u0111\u01b0\u1ee3c chuy\u1ec3n \u0111i, ch\u00fang t\u00f4i c\u00f3 th\u1ec3 y\u00eau c\u1ea7u th\u00eam tin nh\u1eafn qu\u00e0 t\u1eb7ng \u0111\u1ec3 g\u1eedi k\u00e8m khi b\u1ea1n mua h\u00e0ng.<br \/>\nTuy nhi\u00ean, n\u1ebfu \u0111\u01a1n h\u00e0ng c\u1ee7a b\u1ea1n \u0111\u00e3 \u0111\u01b0\u1ee3c chuy\u1ec3n \u0111i, tin nh\u1eafn qu\u00e0 t\u1eb7ng v\u1eabn c\u00f3 th\u1ec3 \u0111\u01b0\u1ee3c s\u1eafp x\u1ebfp nh\u01b0ng xin l\u01b0u \u00fd r\u1eb1ng tin nh\u1eafn s\u1ebd \u0111\u01b0\u1ee3c g\u1eedi ri\u00eang v\u1edbi \u0111\u01a1n h\u00e0ng c\u1ee7a b\u1ea1n.<br \/>\nVui l\u00f2ng li\u00ean h\u1ec7 v\u1edbi D\u1ecbch v\u1ee5 kh\u00e1ch h\u00e0ng v\u00e0 bao g\u1ed3m tin nh\u1eafn qu\u00e0 t\u1eb7ng m\u00e0 b\u1ea1n mu\u1ed1n th\u00eam v\u00e0o \u0111\u01a1n h\u00e0ng c\u1ee7a m\u00ecnh<\/td>\n<\/tr>\n<\/tbody>\n<\/table>\n","protected":false},"excerpt":{"rendered":"<p>T\u00d4I C\u00d3 C\u1ea6N T\u00c0I KHO\u1ea2N TR\u1ef0C TUY\u1ebeN \u0110\u1ec2 \u0110\u1eb6T H\u00c0NG KH\u00d4NG? Kh\u00f4ng, b\u1ea1n kh\u00f4ng c\u1ea7n t\u00e0i kho\u1ea3n \u0111\u1ec3 mua s\u1eafm tr\u1ef1c tuy\u1ebfn v\u1edbi ch\u00fang t\u00f4i v\u00e0 b\u1ea1n c\u00f3 th\u1ec3 thanh to\u00e1n v\u1edbi t\u01b0 c\u00e1ch l\u00e0 kh\u00e1ch tr\u00ean trang web c\u1ee7a ch\u00fang t\u00f4i. Tuy nhi\u00ean, ch\u00fang t\u00f4i khuy\u00ean b\u1ea1n n\u00ean \u0111\u0103ng k\u00fd t\u00e0i kho\u1ea3n tr\u1ef1c tuy\u1ebfn [&hellip;]<\/p>\n","protected":false},"author":1,"featured_media":0,"parent":0,"menu_order":39,"comment_status":"closed","ping_status":"closed","template":"page-faq.php","meta":{"_acf_changed":false,"rank_math_lock_modified_date":false,"footnotes":""},"class_list":["post-608","page","type-page","status-publish","hentry"],"acf":[],"_links":{"self":[{"href":"https:\/\/aodai.byfas.com\/vi\/wp-json\/wp\/v2\/pages\/608","targetHints":{"allow":["GET"]}}],"collection":[{"href":"https:\/\/aodai.byfas.com\/vi\/wp-json\/wp\/v2\/pages"}],"about":[{"href":"https:\/\/aodai.byfas.com\/vi\/wp-json\/wp\/v2\/types\/page"}],"author":[{"embeddable":true,"href":"https:\/\/aodai.byfas.com\/vi\/wp-json\/wp\/v2\/users\/1"}],"replies":[{"embeddable":true,"href":"https:\/\/aodai.byfas.com\/vi\/wp-json\/wp\/v2\/comments?post=608"}],"version-history":[{"count":6,"href":"https:\/\/aodai.byfas.com\/vi\/wp-json\/wp\/v2\/pages\/608\/revisions"}],"predecessor-version":[{"id":1003,"href":"https:\/\/aodai.byfas.com\/vi\/wp-json\/wp\/v2\/pages\/608\/revisions\/1003"}],"wp:attachment":[{"href":"https:\/\/aodai.byfas.com\/vi\/wp-json\/wp\/v2\/media?parent=608"}],"curies":[{"name":"wp","href":"https:\/\/api.w.org\/{rel}","templated":true}]}}