{"id":3,"date":"2023-07-13T08:01:11","date_gmt":"2023-07-13T08:01:11","guid":{"rendered":"https:\/\/aodai.byfas.com\/?page_id=3"},"modified":"2025-03-19T06:56:21","modified_gmt":"2025-03-19T06:56:21","slug":"privacy-policy","status":"publish","type":"page","link":"https:\/\/aodai.byfas.com\/vi\/privacy-policy\/","title":{"rendered":"Ch\u00ednh S\u00e1ch B\u1ea3o M\u1eadt"},"content":{"rendered":"<p style=\"text-align: justify;\">Ch\u00ednh s\u00e1ch b\u1ea3o m\u1eadt n\u00e0y m\u00f4 t\u1ea3 c\u00e1ch th\u00f4ng tin c\u00e1 nh\u00e2n c\u1ee7a b\u1ea1n \u0111\u01b0\u1ee3c thu th\u1eadp, s\u1eed d\u1ee5ng v\u00e0 chia s\u1ebb khi b\u1ea1n truy c\u1eadp ho\u1eb7c mua h\u00e0ng t\u1eeb AnnaHanhle.com<\/p>\n<p style=\"text-align: justify;\">Ch\u00fang t\u00f4i thu th\u1eadp th\u00f4ng tin t\u1eeb b\u1ea1n khi b\u1ea1n \u0111\u0103ng k\u00fd tr\u00ean AnnaHanhle.com ho\u1eb7c \u0111\u1eb7t h\u00e0ng. Khi \u0111\u1eb7t h\u00e0ng ho\u1eb7c \u0111\u0103ng k\u00fd tr\u00ean trang web c\u1ee7a ch\u00fang t\u00f4i, n\u1ebfu th\u00edch h\u1ee3p, b\u1ea1n c\u00f3 th\u1ec3 \u0111\u01b0\u1ee3c y\u00eau c\u1ea7u nh\u1eadp t\u00ean, \u0111\u1ecba ch\u1ec9 email, \u0111\u1ecba ch\u1ec9 g\u1eedi th\u01b0, s\u1ed1 \u0111i\u1ec7n tho\u1ea1i ho\u1eb7c th\u00f4ng tin th\u1ebb t\u00edn d\u1ee5ng. Tuy nhi\u00ean, b\u1ea1n c\u00f3 th\u1ec3 truy c\u1eadp trang web c\u1ee7a ch\u00fang t\u00f4i m\u1ed9t c\u00e1ch \u1ea9n danh.<\/p>\n<p style=\"text-align: justify;\"><strong>1. Ch\u00fang t\u00f4i b\u1ea3o v\u1ec7 th\u00f4ng tin c\u1ee7a b\u1ea1n b\u1eb1ng c\u00e1ch n\u00e0o?<\/strong><\/p>\n<p style=\"text-align: justify;\">Ch\u00fang t\u00f4i th\u1ef1c hi\u1ec7n nhi\u1ec1u bi\u1ec7n ph\u00e1p b\u1ea3o m\u1eadt kh\u00e1c nhau \u0111\u1ec3 duy tr\u00ec s\u1ef1 an to\u00e0n cho th\u00f4ng tin c\u00e1 nh\u00e2n c\u1ee7a b\u1ea1n khi b\u1ea1n \u0111\u1eb7t h\u00e0ng ho\u1eb7c nh\u1eadp, g\u1eedi ho\u1eb7c truy c\u1eadp th\u00f4ng tin c\u00e1 nh\u00e2n c\u1ee7a b\u1ea1n. Ch\u00fang t\u00f4i cung c\u1ea5p vi\u1ec7c s\u1eed d\u1ee5ng m\u1ed9t m\u00e1y ch\u1ee7 an to\u00e0n. T\u1ea5t c\u1ea3 th\u00f4ng tin nh\u1ea1y c\u1ea3m\/t\u00edn d\u1ee5ng \u0111\u01b0\u1ee3c cung c\u1ea5p \u0111\u1ec1u \u0111\u01b0\u1ee3c truy\u1ec1n qua c\u00f4ng ngh\u1ec7 L\u1edbp c\u1ed5ng b\u1ea3o m\u1eadt (SSL) v\u00e0 sau \u0111\u00f3 \u0111\u01b0\u1ee3c m\u00e3 h\u00f3a v\u00e0o c\u01a1 s\u1edf d\u1eef li\u1ec7u c\u1ee7a nh\u00e0 cung c\u1ea5p c\u1ed5ng thanh to\u00e1n c\u1ee7a ch\u00fang t\u00f4i \u0111\u1ec3 ch\u1ec9 nh\u1eefng ng\u01b0\u1eddi \u0111\u01b0\u1ee3c \u1ee7y quy\u1ec1n c\u00f3 quy\u1ec1n truy c\u1eadp \u0111\u1eb7c bi\u1ec7t v\u00e0o c\u00e1c h\u1ec7 th\u1ed1ng \u0111\u00f3 m\u1edbi c\u00f3 th\u1ec3 truy c\u1eadp \u0111\u01b0\u1ee3c v\u00e0 \u0111\u01b0\u1ee3c y\u00eau c\u1ea7u gi\u1eef b\u00ed m\u1eadt th\u00f4ng tin. Sau khi giao d\u1ecbch, th\u00f4ng tin c\u00e1 nh\u00e2n c\u1ee7a b\u1ea1n (th\u1ebb t\u00edn d\u1ee5ng, s\u1ed1 an sinh x\u00e3 h\u1ed9i, t\u00e0i ch\u00ednh, v.v.) s\u1ebd kh\u00f4ng \u0111\u01b0\u1ee3c l\u01b0u tr\u1eef tr\u00ean m\u00e1y ch\u1ee7 c\u1ee7a ch\u00fang t\u00f4i.<\/p>\n<p style=\"text-align: justify;\"><strong>2. Ch\u00fang t\u00f4i s\u1eed d\u1ee5ng th\u00f4ng tin c\u1ee7a b\u1ea1n \u0111\u1ec3 l\u00e0m g\u00ec?<\/strong><\/p>\n<p style=\"text-align: justify;\">B\u1ea5t k\u1ef3 th\u00f4ng tin n\u00e0o ch\u00fang t\u00f4i thu th\u1eadp t\u1eeb b\u1ea1n c\u00f3 th\u1ec3 \u0111\u01b0\u1ee3c s\u1eed d\u1ee5ng theo m\u1ed9t trong c\u00e1c c\u00e1ch sau:<\/p>\n<ul>\n<li style=\"list-style-type: none;\">\n<ul>\n<li style=\"text-align: justify;\">\u0110\u1ec3 li\u00ean l\u1ea1c v\u1edbi b\u1ea1n, h\u00e3y tr\u1ea3 l\u1eddi c\u00e2u h\u1ecfi c\u1ee7a b\u1ea1n v\u00e0 m\u1eddi b\u1ea1n tham gia c\u00e1c s\u1ef1 ki\u1ec7n \u0111\u00e3 ch\u1ecdn.<\/li>\n<li style=\"text-align: justify;\">\u0110\u1ec3 c\u00e1 nh\u00e2n h\u00f3a tr\u1ea3i nghi\u1ec7m c\u1ee7a b\u1ea1n (th\u00f4ng tin c\u1ee7a b\u1ea1n gi\u00fap ch\u00fang t\u00f4i \u0111\u00e1p \u1ee9ng t\u1ed1t h\u01a1n nhu c\u1ea7u c\u00e1 nh\u00e2n c\u1ee7a b\u1ea1n)<\/li>\n<li style=\"text-align: justify;\">\u0110\u1ec3 c\u1ea3i thi\u1ec7n trang web c\u1ee7a ch\u00fang t\u00f4i (ch\u00fang t\u00f4i li\u00ean t\u1ee5c c\u1ed1 g\u1eafng c\u1ea3i thi\u1ec7n c\u00e1c d\u1ecbch v\u1ee5 trang web c\u1ee7a m\u00ecnh d\u1ef1a tr\u00ean th\u00f4ng tin v\u00e0 ph\u1ea3n h\u1ed3i ch\u00fang t\u00f4i nh\u1eadn \u0111\u01b0\u1ee3c t\u1eeb b\u1ea1n)<\/li>\n<li style=\"text-align: justify;\">\u0110\u1ec3 c\u1ea3i thi\u1ec7n d\u1ecbch v\u1ee5 kh\u00e1ch h\u00e0ng (th\u00f4ng tin c\u1ee7a b\u1ea1n gi\u00fap ch\u00fang t\u00f4i \u0111\u00e1p \u1ee9ng hi\u1ec7u qu\u1ea3 h\u01a1n c\u00e1c y\u00eau c\u1ea7u d\u1ecbch v\u1ee5 kh\u00e1ch h\u00e0ng v\u00e0 nhu c\u1ea7u h\u1ed7 tr\u1ee3 c\u1ee7a b\u1ea1n)<\/li>\n<li style=\"text-align: justify;\">\u0110\u1ec3 x\u1eed l\u00fd c\u00e1c giao d\u1ecbch. Th\u00f4ng tin c\u1ee7a b\u1ea1n, d\u00f9 c\u00f4ng khai hay ri\u00eang t\u01b0, s\u1ebd kh\u00f4ng \u0111\u01b0\u1ee3c b\u00e1n, trao \u0111\u1ed5i, chuy\u1ec3n giao ho\u1eb7c trao cho b\u1ea5t k\u1ef3 c\u00f4ng ty n\u00e0o kh\u00e1c v\u00ec b\u1ea5t k\u1ef3 l\u00fd do g\u00ec m\u00e0 kh\u00f4ng c\u00f3 s\u1ef1 \u0111\u1ed3ng \u00fd c\u1ee7a b\u1ea1n, ngo\u00e0i m\u1ee5c \u0111\u00edch r\u00f5 r\u00e0ng l\u00e0 cung c\u1ea5p s\u1ea3n ph\u1ea9m ho\u1eb7c d\u1ecbch v\u1ee5 \u0111\u00e3 mua \u0111\u01b0\u1ee3c y\u00eau c\u1ea7u .<\/li>\n<li style=\"text-align: justify;\">\u0110\u1ec3 qu\u1ea3n l\u00fd m\u1ed9t cu\u1ed9c thi, khuy\u1ebfn m\u00e3i, kh\u1ea3o s\u00e1t ho\u1eb7c t\u00ednh n\u0103ng kh\u00e1c c\u1ee7a trang web<\/li>\n<li style=\"text-align: justify;\">\u0110\u1ec3 g\u1eedi email \u0111\u1ecbnh k\u1ef3. \u0110\u1ecba ch\u1ec9 email b\u1ea1n cung c\u1ea5p \u0111\u1ec3 x\u1eed l\u00fd \u0111\u01a1n h\u00e0ng s\u1ebd ch\u1ec9 \u0111\u01b0\u1ee3c s\u1eed d\u1ee5ng \u0111\u1ec3 g\u1eedi cho b\u1ea1n th\u00f4ng tin v\u00e0 c\u1eadp nh\u1eadt li\u00ean quan \u0111\u1ebfn \u0111\u01a1n h\u00e0ng c\u1ee7a b\u1ea1n.<\/li>\n<li style=\"text-align: justify;\">\u0110\u1ecba ch\u1ec9 email \u0111\u01b0\u1ee3c thu th\u1eadp cho B\u1ea3n tin s\u1ebd \u0111\u01b0\u1ee3c l\u01b0u tr\u1eef tr\u00ean \u1ee9ng d\u1ee5ng email c\u1ee7a b\u00ean th\u1ee9 ba &#8211; Mail chimp<\/li>\n<li style=\"text-align: justify;\">D\u1eef li\u1ec7u s\u1ebd \u0111\u01b0\u1ee3c l\u01b0u gi\u1eef v\u00f4 th\u1eddi h\u1ea1n cho \u0111\u1ebfn khi Ng\u01b0\u1eddi d\u00f9ng b\u00e0y t\u1ecf mong mu\u1ed1n x\u00f3a \u0111\u1ecba ch\u1ec9 email.<\/li>\n<\/ul>\n<\/li>\n<\/ul>\n<p style=\"text-align: justify;\"><strong>3. Li\u00ean k\u1ebft c\u1ee7a b\u00ean th\u1ee9 ba<\/strong><\/p>\n<p style=\"text-align: justify;\">\u0110\u00f4i khi, theo quy\u1ebft \u0111\u1ecbnh ri\u00eang c\u1ee7a m\u00ecnh, ch\u00fang t\u00f4i c\u00f3 th\u1ec3 bao g\u1ed3m ho\u1eb7c cung c\u1ea5p c\u00e1c s\u1ea3n ph\u1ea9m ho\u1eb7c d\u1ecbch v\u1ee5 c\u1ee7a b\u00ean th\u1ee9 ba tr\u00ean trang web c\u1ee7a ch\u00fang t\u00f4i. C\u00e1c trang web c\u1ee7a b\u00ean th\u1ee9 ba n\u00e0y c\u00f3 ch\u00ednh s\u00e1ch b\u1ea3o m\u1eadt ri\u00eang bi\u1ec7t v\u00e0 \u0111\u1ed9c l\u1eadp. Do \u0111\u00f3, ch\u00fang t\u00f4i kh\u00f4ng c\u00f3 tr\u00e1ch nhi\u1ec7m ho\u1eb7c tr\u00e1ch nhi\u1ec7m ph\u00e1p l\u00fd \u0111\u1ed1i v\u1edbi n\u1ed9i dung v\u00e0 ho\u1ea1t \u0111\u1ed9ng c\u1ee7a c\u00e1c trang web \u0111\u01b0\u1ee3c li\u00ean k\u1ebft n\u00e0y. Tuy nhi\u00ean, ch\u00fang t\u00f4i t\u00ecm c\u00e1ch b\u1ea3o v\u1ec7 t\u00ednh to\u00e0n v\u1eb9n c\u1ee7a trang web c\u1ee7a m\u00ecnh v\u00e0 hoan ngh\u00eanh m\u1ecdi ph\u1ea3n h\u1ed3i v\u1ec1 c\u00e1c trang web n\u00e0y.<\/p>\n<p style=\"text-align: justify;\"><strong>4. Ch\u00fang ta c\u00f3 ti\u1ebft l\u1ed9 b\u1ea5t k\u1ef3 th\u00f4ng tin n\u00e0o cho b\u00ean ngo\u00e0i kh\u00f4ng?<\/strong><\/p>\n<p style=\"text-align: justify;\">Ch\u00fang t\u00f4i kh\u00f4ng b\u00e1n, trao \u0111\u1ed5i ho\u1eb7c chuy\u1ec3n giao cho b\u00ean ngo\u00e0i th\u00f4ng tin nh\u1eadn d\u1ea1ng c\u00e1 nh\u00e2n c\u1ee7a b\u1ea1n. \u0110i\u1ec1u n\u00e0y kh\u00f4ng bao g\u1ed3m c\u00e1c b\u00ean th\u1ee9 ba \u0111\u00e1ng tin c\u1eady h\u1ed7 tr\u1ee3 ch\u00fang t\u00f4i \u0111i\u1ec1u h\u00e0nh trang web, ti\u1ebfn h\u00e0nh ho\u1ea1t \u0111\u1ed9ng kinh doanh ho\u1eb7c ph\u1ee5c v\u1ee5 b\u1ea1n, mi\u1ec5n l\u00e0 c\u00e1c b\u00ean \u0111\u00f3 \u0111\u1ed3ng \u00fd gi\u1eef b\u00ed m\u1eadt th\u00f4ng tin n\u00e0y. Ch\u00fang t\u00f4i c\u0169ng c\u00f3 th\u1ec3 ti\u1ebft l\u1ed9 th\u00f4ng tin c\u1ee7a b\u1ea1n khi ch\u00fang t\u00f4i tin r\u1eb1ng vi\u1ec7c ph\u00e1t h\u00e0nh l\u00e0 ph\u00f9 h\u1ee3p \u0111\u1ec3 tu\u00e2n th\u1ee7 lu\u1eadt ph\u00e1p, th\u1ef1c thi ch\u00ednh s\u00e1ch trang web c\u1ee7a ch\u00fang t\u00f4i ho\u1eb7c b\u1ea3o v\u1ec7 quy\u1ec1n, t\u00e0i s\u1ea3n ho\u1eb7c s\u1ef1 an to\u00e0n c\u1ee7a ch\u00fang t\u00f4i ho\u1eb7c c\u1ee7a ng\u01b0\u1eddi kh\u00e1c. Tuy nhi\u00ean, th\u00f4ng tin kh\u00e1ch truy c\u1eadp kh\u00f4ng th\u1ec3 nh\u1eadn d\u1ea1ng c\u00e1 nh\u00e2n c\u00f3 th\u1ec3 \u0111\u01b0\u1ee3c cung c\u1ea5p cho c\u00e1c b\u00ean kh\u00e1c \u0111\u1ec3 ti\u1ebfp th\u1ecb, qu\u1ea3ng c\u00e1o ho\u1eb7c s\u1eed d\u1ee5ng cho m\u1ee5c \u0111\u00edch kh\u00e1c.<\/p>\n<p style=\"text-align: justify;\"><strong>5. Ch\u1ec9 ch\u00ednh s\u00e1ch b\u1ea3o m\u1eadt tr\u1ef1c tuy\u1ebfn<\/strong><\/p>\n<p style=\"text-align: justify;\">Ch\u00ednh s\u00e1ch b\u1ea3o m\u1eadt tr\u1ef1c tuy\u1ebfn n\u00e0y ch\u1ec9 \u00e1p d\u1ee5ng cho th\u00f4ng tin \u0111\u01b0\u1ee3c thu th\u1eadp th\u00f4ng qua trang web c\u1ee7a ch\u00fang t\u00f4i ch\u1ee9 kh\u00f4ng \u00e1p d\u1ee5ng cho th\u00f4ng tin \u0111\u01b0\u1ee3c thu th\u1eadp ngo\u1ea1i tuy\u1ebfn.<\/p>\n<p style=\"text-align: justify;\"><strong>6. Thay \u0111\u1ed5i ch\u00ednh s\u00e1ch b\u1ea3o m\u1eadt c\u1ee7a ch\u00fang t\u00f4i<\/strong><\/p>\n<p style=\"text-align: justify;\">N\u1ebfu ch\u00fang t\u00f4i quy\u1ebft \u0111\u1ecbnh thay \u0111\u1ed5i ch\u00ednh s\u00e1ch b\u1ea3o m\u1eadt c\u1ee7a m\u00ecnh, ch\u00fang t\u00f4i s\u1ebd \u0111\u0103ng nh\u1eefng thay \u0111\u1ed5i \u0111\u00f3 tr\u00ean trang n\u00e0y.<\/p>\n<p style=\"text-align: justify;\"><strong>7. S\u1ef1 \u0111\u1ed3ng \u00fd c\u1ee7a b\u1ea1n<\/strong><\/p>\n<p style=\"text-align: justify;\">B\u1eb1ng c\u00e1ch s\u1eed d\u1ee5ng trang web c\u1ee7a ch\u00fang t\u00f4i, b\u1ea1n \u0111\u1ed3ng \u00fd v\u1edbi ch\u00ednh s\u00e1ch b\u1ea3o m\u1eadt trang web c\u1ee7a ch\u00fang t\u00f4i<\/p>\n<p style=\"text-align: justify;\"><strong>8. Li\u00ean h\u1ec7 v\u1edbi ch\u00fang t\u00f4i<\/strong><\/p>\n<p style=\"text-align: justify;\">M\u1ecdi th\u1eafc m\u1eafc li\u00ean quan \u0111\u1ebfn ch\u00ednh s\u00e1ch b\u1ea3o m\u1eadt n\u00e0y, vui l\u00f2ng li\u00ean h\u1ec7 v\u1edbi ch\u00fang t\u00f4i qua email: service@annahanhle.com v\u00e0 ch\u00fang t\u00f4i s\u1ebd \u0111\u1ea3m b\u1ea3o h\u1ed7 tr\u1ee3 b\u1ea1n nhanh nh\u1ea5t c\u00f3 th\u1ec3. Xin l\u01b0u \u00fd r\u1eb1ng ch\u00fang t\u00f4i l\u00e0m vi\u1ec7c t\u1eeb Th\u1ee9 Hai \u0111\u1ebfn Th\u1ee9 S\u00e1u, t\u1eeb 9 gi\u1edd s\u00e1ng \u0111\u1ebfn 6 gi\u1edd chi\u1ec1u, tr\u1eeb ng\u00e0y l\u1ec5.<\/p>\n","protected":false},"excerpt":{"rendered":"<p>Ch\u00ednh s\u00e1ch b\u1ea3o m\u1eadt n\u00e0y m\u00f4 t\u1ea3 c\u00e1ch th\u00f4ng tin c\u00e1 nh\u00e2n c\u1ee7a b\u1ea1n \u0111\u01b0\u1ee3c thu th\u1eadp, s\u1eed d\u1ee5ng v\u00e0 chia s\u1ebb khi b\u1ea1n truy c\u1eadp ho\u1eb7c mua h\u00e0ng t\u1eeb AnnaHanhle.com Ch\u00fang t\u00f4i thu th\u1eadp th\u00f4ng tin t\u1eeb b\u1ea1n khi b\u1ea1n \u0111\u0103ng k\u00fd tr\u00ean AnnaHanhle.com ho\u1eb7c \u0111\u1eb7t h\u00e0ng. Khi \u0111\u1eb7t h\u00e0ng ho\u1eb7c \u0111\u0103ng k\u00fd tr\u00ean [&hellip;]<\/p>\n","protected":false},"author":1,"featured_media":0,"parent":0,"menu_order":66,"comment_status":"closed","ping_status":"open","template":"page-policy.php","meta":{"_acf_changed":false,"rank_math_lock_modified_date":false,"footnotes":""},"class_list":["post-3","page","type-page","status-publish","hentry"],"acf":[],"_links":{"self":[{"href":"https:\/\/aodai.byfas.com\/vi\/wp-json\/wp\/v2\/pages\/3","targetHints":{"allow":["GET"]}}],"collection":[{"href":"https:\/\/aodai.byfas.com\/vi\/wp-json\/wp\/v2\/pages"}],"about":[{"href":"https:\/\/aodai.byfas.com\/vi\/wp-json\/wp\/v2\/types\/page"}],"author":[{"embeddable":true,"href":"https:\/\/aodai.byfas.com\/vi\/wp-json\/wp\/v2\/users\/1"}],"replies":[{"embeddable":true,"href":"https:\/\/aodai.byfas.com\/vi\/wp-json\/wp\/v2\/comments?post=3"}],"version-history":[{"count":7,"href":"https:\/\/aodai.byfas.com\/vi\/wp-json\/wp\/v2\/pages\/3\/revisions"}],"predecessor-version":[{"id":9841,"href":"https:\/\/aodai.byfas.com\/vi\/wp-json\/wp\/v2\/pages\/3\/revisions\/9841"}],"wp:attachment":[{"href":"https:\/\/aodai.byfas.com\/vi\/wp-json\/wp\/v2\/media?parent=3"}],"curies":[{"name":"wp","href":"https:\/\/api.w.org\/{rel}","templated":true}]}}