{"id":2384,"date":"2025-01-16T15:50:41","date_gmt":"2025-01-16T15:50:41","guid":{"rendered":"https:\/\/aodai.byfas.com\/wedding\/couple\/"},"modified":"2025-03-24T09:08:31","modified_gmt":"2025-03-24T09:08:31","slug":"couple","status":"publish","type":"page","link":"https:\/\/aodai.byfas.com\/vi\/wedding\/couple\/","title":{"rendered":"\u00c1o D\u00e0i T\u00e2n H\u00f4n"},"content":{"rendered":"","protected":false},"excerpt":{"rendered":"","protected":false},"author":1,"featured_media":9447,"parent":2379,"menu_order":2,"comment_status":"closed","ping_status":"closed","template":"page-lookbook.php","meta":{"_acf_changed":false,"rank_math_lock_modified_date":false,"footnotes":""},"class_list":["post-2384","page","type-page","status-publish","has-post-thumbnail","hentry"],"acf":[],"_links":{"self":[{"href":"https:\/\/aodai.byfas.com\/vi\/wp-json\/wp\/v2\/pages\/2384","targetHints":{"allow":["GET"]}}],"collection":[{"href":"https:\/\/aodai.byfas.com\/vi\/wp-json\/wp\/v2\/pages"}],"about":[{"href":"https:\/\/aodai.byfas.com\/vi\/wp-json\/wp\/v2\/types\/page"}],"author":[{"embeddable":true,"href":"https:\/\/aodai.byfas.com\/vi\/wp-json\/wp\/v2\/users\/1"}],"replies":[{"embeddable":true,"href":"https:\/\/aodai.byfas.com\/vi\/wp-json\/wp\/v2\/comments?post=2384"}],"version-history":[{"count":5,"href":"https:\/\/aodai.byfas.com\/vi\/wp-json\/wp\/v2\/pages\/2384\/revisions"}],"predecessor-version":[{"id":11424,"href":"https:\/\/aodai.byfas.com\/vi\/wp-json\/wp\/v2\/pages\/2384\/revisions\/11424"}],"up":[{"embeddable":true,"href":"https:\/\/aodai.byfas.com\/vi\/wp-json\/wp\/v2\/pages\/2379"}],"wp:featuredmedia":[{"embeddable":true,"href":"https:\/\/aodai.byfas.com\/vi\/wp-json\/wp\/v2\/media\/9447"}],"wp:attachment":[{"href":"https:\/\/aodai.byfas.com\/vi\/wp-json\/wp\/v2\/media?parent=2384"}],"curies":[{"name":"wp","href":"https:\/\/api.w.org\/{rel}","templated":true}]}}