{"id":2364,"date":"2025-01-16T04:56:48","date_gmt":"2025-01-16T04:56:48","guid":{"rendered":"https:\/\/aodai.byfas.com\/ao-dai-couture\/fall-winter-2024\/"},"modified":"2025-03-13T04:16:17","modified_gmt":"2025-03-13T04:16:17","slug":"fall-winter-2024","status":"publish","type":"page","link":"https:\/\/aodai.byfas.com\/vi\/ao-dai-couture\/fall-winter-2025\/","title":{"rendered":"\u00c1o D\u00e0i Couture Thu \u0110\u00f4ng 2025"},"content":{"rendered":"","protected":false},"excerpt":{"rendered":"","protected":false},"author":1,"featured_media":9803,"parent":2339,"menu_order":10,"comment_status":"closed","ping_status":"closed","template":"page-lookbook.php","meta":{"_acf_changed":false,"rank_math_lock_modified_date":false,"footnotes":""},"class_list":["post-2364","page","type-page","status-publish","has-post-thumbnail","hentry"],"acf":[],"_links":{"self":[{"href":"https:\/\/aodai.byfas.com\/vi\/wp-json\/wp\/v2\/pages\/2364","targetHints":{"allow":["GET"]}}],"collection":[{"href":"https:\/\/aodai.byfas.com\/vi\/wp-json\/wp\/v2\/pages"}],"about":[{"href":"https:\/\/aodai.byfas.com\/vi\/wp-json\/wp\/v2\/types\/page"}],"author":[{"embeddable":true,"href":"https:\/\/aodai.byfas.com\/vi\/wp-json\/wp\/v2\/users\/1"}],"replies":[{"embeddable":true,"href":"https:\/\/aodai.byfas.com\/vi\/wp-json\/wp\/v2\/comments?post=2364"}],"version-history":[{"count":10,"href":"https:\/\/aodai.byfas.com\/vi\/wp-json\/wp\/v2\/pages\/2364\/revisions"}],"predecessor-version":[{"id":9617,"href":"https:\/\/aodai.byfas.com\/vi\/wp-json\/wp\/v2\/pages\/2364\/revisions\/9617"}],"up":[{"embeddable":true,"href":"https:\/\/aodai.byfas.com\/vi\/wp-json\/wp\/v2\/pages\/2339"}],"wp:featuredmedia":[{"embeddable":true,"href":"https:\/\/aodai.byfas.com\/vi\/wp-json\/wp\/v2\/media\/9803"}],"wp:attachment":[{"href":"https:\/\/aodai.byfas.com\/vi\/wp-json\/wp\/v2\/media?parent=2364"}],"curies":[{"name":"wp","href":"https:\/\/api.w.org\/{rel}","templated":true}]}}